{"id":375,"date":"2022-11-30T14:32:50","date_gmt":"2022-11-30T13:32:50","guid":{"rendered":"https:\/\/psychotherapie-adendorf.de\/?page_id=375"},"modified":"2022-11-30T17:12:17","modified_gmt":"2022-11-30T16:12:17","slug":"psychotherapie-fuer-kinder-und-jugendliche-bis-21-jahre-2","status":"publish","type":"page","link":"https:\/\/\ufeff\ufeffpsychotherapie-adendorf.de\/?page_id=375","title":{"rendered":"f\u00fcr Erwachsene &#038; Teams"},"content":{"rendered":"<section class=\"wpb-content-wrapper\"><p>[vc_row][vc_column]<style>.ld_spacer_69e5952d951de{height:4px;}<\/style>\n<div class=\"ld-empty-space ld_spacer_69e5952d951de\"><span class=\"liquid_empty_space_inner\"><\/span><\/div>[\/vc_column][\/vc_row][vc_row][vc_column]\n\t\t\t<!-- START Angebote_2 REVOLUTION SLIDER 6.5.21 --><p class=\"rs-p-wp-fix\"><\/p>\n\t\t\t<rs-module-wrap id=\"rev_slider_13_1_wrapper\" data-source=\"gallery\" style=\"visibility:hidden;background:#c4cdd4;padding:0;margin:0px auto;margin-top:0;margin-bottom:0;\">\n\t\t\t\t<rs-module id=\"rev_slider_13_1\" style=\"\" data-version=\"6.5.21\">\n\t\t\t\t\t<rs-slides>\n\t\t\t\t\t\t<rs-slide style=\"position: absolute;\" data-key=\"rs-14\" data-title=\"Slide\" data-in=\"o:0;\" data-out=\"a:false;\">\n\t\t\t\t\t\t\t<img decoding=\"async\" src=\"\/\/psychotherapie-adendorf.de\/wp-content\/plugins\/revslider\/public\/assets\/assets\/dummy.png\" alt=\"Slide\" title=\"f\u00fcr Erwachsene &#038; Teams\" class=\"rev-slidebg tp-rs-img rs-lazyload\" data-lazyload=\"\/\/psychotherapie-adendorf.de\/wp-content\/plugins\/revslider\/public\/assets\/assets\/transparent.png\" data-no-retina>\n<!--\n\t\t\t\t\t\t\t--><rs-layer\n\t\t\t\t\t\t\t\tid=\"slider-13-slide-14-layer-0\" \n\t\t\t\t\t\t\t\tdata-type=\"image\"\n\t\t\t\t\t\t\t\tdata-rsp_ch=\"on\"\n\t\t\t\t\t\t\t\tdata-xy=\"y:-80px;\"\n\t\t\t\t\t\t\t\tdata-text=\"w:normal;\"\n\t\t\t\t\t\t\t\tdata-dim=\"w:1170px;h:485px;\"\n\t\t\t\t\t\t\t\tdata-frame_999=\"o:0;st:w;\"\n\t\t\t\t\t\t\t\tstyle=\"z-index:5;\"\n\t\t\t\t\t\t\t><img loading=\"lazy\" decoding=\"async\" src=\"\/\/psychotherapie-adendorf.de\/wp-content\/plugins\/revslider\/public\/assets\/assets\/dummy.png\" alt=\"\" class=\"tp-rs-img rs-lazyload\" width=\"1170\" height=\"485\" data-lazyload=\"\/\/psychotherapie-adendorf.de\/wp-content\/uploads\/2022\/11\/iStock-980197026.jpg\" data-no-retina> \n\t\t\t\t\t\t\t<\/rs-layer><!--\n\n\t\t\t\t\t\t\t--><rs-layer\n\t\t\t\t\t\t\t\tid=\"slider-13-slide-14-layer-1\" \n\t\t\t\t\t\t\t\tdata-type=\"image\"\n\t\t\t\t\t\t\t\tdata-rsp_ch=\"on\"\n\t\t\t\t\t\t\t\tdata-xy=\"x:45px;y:150px;\"\n\t\t\t\t\t\t\t\tdata-text=\"w:normal;\"\n\t\t\t\t\t\t\t\tdata-dim=\"w:756px;h:206px;\"\n\t\t\t\t\t\t\t\tdata-frame_1=\"e:power4.inOut;st:5;sp:900;\"\n\t\t\t\t\t\t\t\tdata-frame_999=\"o:0;st:w;\"\n\t\t\t\t\t\t\t\tstyle=\"z-index:6;\"\n\t\t\t\t\t\t\t><img loading=\"lazy\" decoding=\"async\" src=\"\/\/psychotherapie-adendorf.de\/wp-content\/plugins\/revslider\/public\/assets\/assets\/dummy.png\" alt=\"\" class=\"tp-rs-img rs-lazyload\" width=\"756\" height=\"206\" data-lazyload=\"\/\/psychotherapie-adendorf.de\/wp-content\/uploads\/2022\/11\/hg_flaeche_weiss_alt.png\" data-no-retina> \n\t\t\t\t\t\t\t<\/rs-layer><!--\n\n\t\t\t\t\t\t\t--><rs-layer\n\t\t\t\t\t\t\t\tid=\"slider-13-slide-14-layer-2\" \n\t\t\t\t\t\t\t\tdata-type=\"image\"\n\t\t\t\t\t\t\t\tdata-rsp_ch=\"on\"\n\t\t\t\t\t\t\t\tdata-xy=\"x:810px;y:150px;\"\n\t\t\t\t\t\t\t\tdata-text=\"w:normal;\"\n\t\t\t\t\t\t\t\tdata-dim=\"w:315px;h:206px;\"\n\t\t\t\t\t\t\t\tdata-frame_1=\"e:power4.inOut;st:5;sp:900;\"\n\t\t\t\t\t\t\t\tdata-frame_999=\"o:0;st:w;\"\n\t\t\t\t\t\t\t\tstyle=\"z-index:7;\"\n\t\t\t\t\t\t\t><img loading=\"lazy\" decoding=\"async\" src=\"\/\/psychotherapie-adendorf.de\/wp-content\/plugins\/revslider\/public\/assets\/assets\/dummy.png\" alt=\"\" class=\"tp-rs-img rs-lazyload\" width=\"315\" height=\"206\" data-lazyload=\"\/\/psychotherapie-adendorf.de\/wp-content\/uploads\/2022\/11\/hg_flaeche_gruen_alt.png\" data-no-retina> \n\t\t\t\t\t\t\t<\/rs-layer><!--\n\n\t\t\t\t\t\t\t--><rs-layer\n\t\t\t\t\t\t\t\tid=\"slider-13-slide-14-layer-3\" \n\t\t\t\t\t\t\t\tdata-type=\"text\"\n\t\t\t\t\t\t\t\tdata-color=\"#95c11f\"\n\t\t\t\t\t\t\t\tdata-rsp_ch=\"on\"\n\t\t\t\t\t\t\t\tdata-xy=\"x:100px;y:250px;\"\n\t\t\t\t\t\t\t\tdata-text=\"w:normal;s:48;fw:300;\"\n\t\t\t\t\t\t\t\tdata-dim=\"w:250px;h:50px;\"\n\t\t\t\t\t\t\t\tdata-frame_999=\"o:0;st:w;\"\n\t\t\t\t\t\t\t\tstyle=\"z-index:8;font-family:'Titillium Web';\"\n\t\t\t\t\t\t\t>ANGEBOTE \n\t\t\t\t\t\t\t<\/rs-layer><!--\n\n\t\t\t\t\t\t\t--><rs-layer\n\t\t\t\t\t\t\t\tid=\"slider-13-slide-14-layer-4\" \n\t\t\t\t\t\t\t\tdata-type=\"text\"\n\t\t\t\t\t\t\t\tdata-color=\"#73828d\"\n\t\t\t\t\t\t\t\tdata-rsp_ch=\"on\"\n\t\t\t\t\t\t\t\tdata-xy=\"x:100px;y:300px;\"\n\t\t\t\t\t\t\t\tdata-text=\"w:normal;s:24;l:28;\"\n\t\t\t\t\t\t\t\tdata-frame_999=\"o:0;st:w;\"\n\t\t\t\t\t\t\t\tstyle=\"z-index:9;font-family:'Titillium Web';\"\n\t\t\t\t\t\t\t>F\u00dcR ERWACHSENE & TEAMS \n\t\t\t\t\t\t\t<\/rs-layer><!--\n\n\t\t\t\t\t\t\t--><rs-layer\n\t\t\t\t\t\t\t\tid=\"slider-13-slide-14-layer-5\" \n\t\t\t\t\t\t\t\tdata-type=\"text\"\n\t\t\t\t\t\t\t\tdata-color=\"#ffffff\"\n\t\t\t\t\t\t\t\tdata-rsp_ch=\"on\"\n\t\t\t\t\t\t\t\tdata-xy=\"x:835px;y:175px;\"\n\t\t\t\t\t\t\t\tdata-text=\"w:normal;s:18;l:28;ls:1px;fw:700;\"\n\t\t\t\t\t\t\t\tdata-frame_999=\"o:0;st:w;\"\n\t\t\t\t\t\t\t\tstyle=\"z-index:10;font-family:'Titillium Web';\"\n\t\t\t\t\t\t\t>KONTAKT \n\t\t\t\t\t\t\t<\/rs-layer><!--\n\n\t\t\t\t\t\t\t--><a\n\t\t\t\t\t\t\t\tid=\"slider-13-slide-14-layer-6\" \n\t\t\t\t\t\t\t\tclass=\"rs-layer\"\n\t\t\t\t\t\t\t\thref=\"mailto:info@psychotherapie-adendorf.de\" target=\"_blank\" rel=\"noopener\"\n\t\t\t\t\t\t\t\tdata-type=\"text\"\n\t\t\t\t\t\t\t\tdata-color=\"#ffffff\"\n\t\t\t\t\t\t\t\tdata-rsp_ch=\"on\"\n\t\t\t\t\t\t\t\tdata-xy=\"x:835px;y:205px;\"\n\t\t\t\t\t\t\t\tdata-text=\"w:normal;s:18;l:28;ls:0px;fw:600;\"\n\t\t\t\t\t\t\t\tdata-dim=\"h:1px;\"\n\t\t\t\t\t\t\t\tdata-frame_999=\"o:0;st:w;\"\n\t\t\t\t\t\t\t\tstyle=\"z-index:11;font-family:'Titillium Web';\"\n\t\t\t\t\t\t\t>MARTIN ADENDORF<br \/>\n<br \/>\nTel.: 01 57 - 87 37 36 21<br \/>\ninfo@psychotherapie-adendorf.de \n\t\t\t\t\t\t\t<\/a><!--\n-->\t\t\t\t\t\t<\/rs-slide>\n\t\t\t\t\t<\/rs-slides>\n\t\t\t\t<\/rs-module>\n\t\t\t\t<script>\n\t\t\t\t\tsetREVStartSize({c: 'rev_slider_13_1',rl:[1240,1024,778,480],el:[400],gw:[1170],gh:[400],type:'standard',justify:'',layout:'fullwidth',mh:\"0\"});if (window.RS_MODULES!==undefined && window.RS_MODULES.modules!==undefined && window.RS_MODULES.modules[\"revslider131\"]!==undefined) {window.RS_MODULES.modules[\"revslider131\"].once = false;window.revapi13 = undefined;if (window.RS_MODULES.checkMinimal!==undefined) window.RS_MODULES.checkMinimal()}\n\t\t\t\t<\/script>\n\t\t\t<\/rs-module-wrap>\n\t\t\t<!-- END REVOLUTION SLIDER -->\n[\/vc_column][\/vc_row][vc_row][vc_column]<style>.ld_spacer_69e5952d98883{height:4px;}<\/style>\n<div class=\"ld-empty-space ld_spacer_69e5952d98883\"><span class=\"liquid_empty_space_inner\"><\/span><\/div>[\/vc_column][\/vc_row][vc_row css=&#8220;.vc_custom_1669798726571{margin-top: 4em !important;}&#8220;][vc_column][vc_separator color=&#8220;custom&#8220; accent_color=&#8220;#808291&#8243;][\/vc_column][\/vc_row][vc_row][vc_column width=&#8220;3\/4&#8243; css=&#8220;.vc_custom_1669799117057{margin-top: 1em !important;margin-bottom: 4em !important;}&#8220; responsive_css=&#8220;margin_top_large:1em|margin_top_medium:1em|margin_top_small:1em&#8220;][vc_column_text css_animation=&#8220;fadeIn&#8220;]<\/p>\n<h3><span style=\"color: #2a90b2;\">Psychotherapie<br \/>\nund Lebensberatung f\u00fcr Erwachsene\u00a0<\/span><\/h3>\n<p>Im Rahmen meiner Ausbildung zum Psychoanalytiker DGIP\/VAKJP kann ich Erwachsenen psychotherapeutische Sitzungen und Gespr\u00e4che zur Lebensberatung auf Selbstkostenbasis anbieten.<br \/>\nBei der Wahl des Therapieverfahrens und der Anzahl der w\u00f6chentlichen Sitzungen sind auch hier die Intensit\u00e4t Ihrer belastenden Symptome, deren m\u00f6glichen Ursachen sowie Ihrer aktuelle Lebenssituation entscheidend.<\/p>\n<p>Die Kosten f\u00fcr therapeutische Sitzungen und Lebensberatung basieren auf der aktuellen Geb\u00fchrenordnung f\u00fcr Psychotherapeuten (<a href=\"https:\/\/www.pk-hb.de\/\" target=\"_blank\" rel=\"noopener\">GOP<\/a>).<\/p>\n<p>[\/vc_column_text][vc_separator color=&#8220;custom&#8220; accent_color=&#8220;#808291&#8243; css=&#8220;.vc_custom_1669747222929{margin-top: 1em !important;}&#8220;][vc_column_text css_animation=&#8220;fadeIn&#8220;]<\/p>\n<h3><span style=\"color: #2a90b2;\">Beratungsgespr\u00e4che f\u00fcr Eltern und Pflegefamilien sowie Fall-Supervision und Fachvortr\u00e4ge f\u00fcr Teams des professionellen Helfersystem oder aus dem Kindergarten- und Schulbereich<\/span><\/h3>\n<p>Mittels Beratungen und Fachvortr\u00e4gen m\u00f6chte ich mit Ihnen zusammen Konflikte mit Ihrem Kind\/Ihren Schutzbefohlenen sowie den belastenden Symptomen betrachten.<\/p>\n<p>Mit Hilfe Ihrer Erfahrungen, Ihrem Gef\u00fchlserleben, den lebensgeschichtlichen Details und meinem Wissen bez\u00fcglich der Entstehung von Konflikten und damit verbundenen seelischen und k\u00f6rperlichen Symptomen k\u00f6nnen wir gemeinsam die Hintergr\u00fcnde sowie die Dynamik ihrer Entstehung aufsp\u00fcren. Ziel ist es, konstruktive Wege zur dauerhaften Aufl\u00f6sung der Konflikte oder zur Linderung von Not und Unsicherheit zu erarbeiten.<\/p>\n<p>Die Kosten f\u00fcr Gespr\u00e4che zur Erziehungsberatung basieren auf der aktuellen Geb\u00fchrenordnung f\u00fcr Psychotherapeuten (<a href=\"https:\/\/www.pk-hb.de\/\" target=\"_blank\" rel=\"noopener\">GOP<\/a>).<\/p>\n<p>[\/vc_column_text][vc_separator color=&#8220;custom&#8220; accent_color=&#8220;#808291&#8243; css=&#8220;.vc_custom_1669745889769{margin-top: 2em !important;}&#8220;][\/vc_column][vc_column width=&#8220;1\/4&#8243; responsive_css=&#8220;margin_top_large:1em|margin_top_medium:1em|margin_top_small:1em&#8220; css=&#8220;.vc_custom_1669799132460{margin-top: 1em !important;}&#8220;][\/vc_column][\/vc_row]<\/p>\n<\/section>","protected":false},"excerpt":{"rendered":"<p>[vc_row][vc_column][\/vc_column][\/vc_row][vc_row][vc_column][\/vc_column][\/vc_row][vc_row][vc_column][\/vc_column][\/vc_row][vc_row css=&#8220;.vc_custom_1669798726571{margin-top: 4em !important;}&#8220;][vc_column][vc_separator color=&#8220;custom&#8220; accent_color=&#8220;#808291&#8243;][\/vc_column][\/vc_row][vc_row][vc_column width=&#8220;3\/4&#8243; css=&#8220;.vc_custom_1669799117057{margin-top: 1em !important;margin-bottom: 4em !important;}&#8220; responsive_css=&#8220;margin_top_large:1em|margin_top_medium:1em|margin_top_small:1em&#8220;][vc_column_text css_animation=&#8220;fadeIn&#8220;] Psychotherapie&#8230;<\/p>\n","protected":false},"author":1,"featured_media":0,"parent":178,"menu_order":0,"comment_status":"closed","ping_status":"closed","template":"","meta":{"inline_featured_image":false,"footnotes":""},"class_list":["post-375","page","type-page","status-publish","hentry"],"yoast_head":"<!-- This site is optimized with the Yoast SEO plugin v23.8 - https:\/\/yoast.com\/wordpress\/plugins\/seo\/ -->\n<title>f\u00fcr Erwachsene &amp; Teams - Psychotherapie Adendorf<\/title>\n<meta name=\"robots\" content=\"index, follow, max-snippet:-1, max-image-preview:large, max-video-preview:-1\" \/>\n<link rel=\"canonical\" href=\"https:\/\/\ufeff\ufeffpsychotherapie-adendorf.de\/?page_id=375\" \/>\n<meta property=\"og:locale\" content=\"de_DE\" \/>\n<meta property=\"og:type\" content=\"article\" \/>\n<meta property=\"og:title\" content=\"f\u00fcr Erwachsene &amp; Teams - Psychotherapie Adendorf\" \/>\n<meta property=\"og:description\" content=\"[vc_row][vc_column][\/vc_column][\/vc_row][vc_row][vc_column][\/vc_column][\/vc_row][vc_row][vc_column][\/vc_column][\/vc_row][vc_row css=&#8220;.vc_custom_1669798726571{margin-top: 4em !important;}&#8220;][vc_column][vc_separator color=&#8220;custom&#8220; accent_color=&#8220;#808291&#8243;][\/vc_column][\/vc_row][vc_row][vc_column width=&#8220;3\/4&#8243; css=&#8220;.vc_custom_1669799117057{margin-top: 1em !important;margin-bottom: 4em !important;}&#8220; responsive_css=&#8220;margin_top_large:1em|margin_top_medium:1em|margin_top_small:1em&#8220;][vc_column_text css_animation=&#8220;fadeIn&#8220;] Psychotherapie...\" \/>\n<meta property=\"og:url\" content=\"https:\/\/\ufeff\ufeffpsychotherapie-adendorf.de\/?page_id=375\" \/>\n<meta property=\"og:site_name\" content=\"Psychotherapie Adendorf\" \/>\n<meta property=\"article:modified_time\" content=\"2022-11-30T16:12:17+00:00\" \/>\n<meta name=\"twitter:card\" content=\"summary_large_image\" \/>\n<meta name=\"twitter:label1\" content=\"Gesch\u00e4tzte Lesezeit\" \/>\n\t<meta name=\"twitter:data1\" content=\"2\u00a0Minuten\" \/>\n<script type=\"application\/ld+json\" class=\"yoast-schema-graph\">{\"@context\":\"https:\/\/schema.org\",\"@graph\":[{\"@type\":\"WebPage\",\"@id\":\"https:\/\/\ufeff\ufeffpsychotherapie-adendorf.de\/?page_id=375\",\"url\":\"https:\/\/\ufeff\ufeffpsychotherapie-adendorf.de\/?page_id=375\",\"name\":\"f\u00fcr Erwachsene & Teams - Psychotherapie Adendorf\",\"isPartOf\":{\"@id\":\"https:\/\/\ufeff\ufeffpsychotherapie-adendorf.de\/#website\"},\"datePublished\":\"2022-11-30T13:32:50+00:00\",\"dateModified\":\"2022-11-30T16:12:17+00:00\",\"breadcrumb\":{\"@id\":\"https:\/\/\ufeff\ufeffpsychotherapie-adendorf.de\/?page_id=375#breadcrumb\"},\"inLanguage\":\"de\",\"potentialAction\":[{\"@type\":\"ReadAction\",\"target\":[\"https:\/\/\ufeff\ufeffpsychotherapie-adendorf.de\/?page_id=375\"]}]},{\"@type\":\"BreadcrumbList\",\"@id\":\"https:\/\/\ufeff\ufeffpsychotherapie-adendorf.de\/?page_id=375#breadcrumb\",\"itemListElement\":[{\"@type\":\"ListItem\",\"position\":1,\"name\":\"Startseite\",\"item\":\"https:\/\/\ufeff\ufeffpsychotherapie-adendorf.de\/\"},{\"@type\":\"ListItem\",\"position\":2,\"name\":\"Meine Angebote\",\"item\":\"https:\/\/\ufeff\ufeffpsychotherapie-adendorf.de\/?page_id=178\"},{\"@type\":\"ListItem\",\"position\":3,\"name\":\"f\u00fcr Erwachsene &#038; Teams\"}]},{\"@type\":\"WebSite\",\"@id\":\"https:\/\/\ufeff\ufeffpsychotherapie-adendorf.de\/#website\",\"url\":\"https:\/\/\ufeff\ufeffpsychotherapie-adendorf.de\/\",\"name\":\"Psychotherapie Adendorf\",\"description\":\"\",\"potentialAction\":[{\"@type\":\"SearchAction\",\"target\":{\"@type\":\"EntryPoint\",\"urlTemplate\":\"https:\/\/\ufeff\ufeffpsychotherapie-adendorf.de\/?s={search_term_string}\"},\"query-input\":{\"@type\":\"PropertyValueSpecification\",\"valueRequired\":true,\"valueName\":\"search_term_string\"}}],\"inLanguage\":\"de\"}]}<\/script>\n<!-- \/ Yoast SEO plugin. -->","yoast_head_json":{"title":"f\u00fcr Erwachsene & Teams - Psychotherapie Adendorf","robots":{"index":"index","follow":"follow","max-snippet":"max-snippet:-1","max-image-preview":"max-image-preview:large","max-video-preview":"max-video-preview:-1"},"canonical":"https:\/\/\ufeff\ufeffpsychotherapie-adendorf.de\/?page_id=375","og_locale":"de_DE","og_type":"article","og_title":"f\u00fcr Erwachsene & Teams - Psychotherapie Adendorf","og_description":"[vc_row][vc_column][\/vc_column][\/vc_row][vc_row][vc_column][\/vc_column][\/vc_row][vc_row][vc_column][\/vc_column][\/vc_row][vc_row css=&#8220;.vc_custom_1669798726571{margin-top: 4em !important;}&#8220;][vc_column][vc_separator color=&#8220;custom&#8220; accent_color=&#8220;#808291&#8243;][\/vc_column][\/vc_row][vc_row][vc_column width=&#8220;3\/4&#8243; css=&#8220;.vc_custom_1669799117057{margin-top: 1em !important;margin-bottom: 4em !important;}&#8220; responsive_css=&#8220;margin_top_large:1em|margin_top_medium:1em|margin_top_small:1em&#8220;][vc_column_text css_animation=&#8220;fadeIn&#8220;] Psychotherapie...","og_url":"https:\/\/\ufeff\ufeffpsychotherapie-adendorf.de\/?page_id=375","og_site_name":"Psychotherapie Adendorf","article_modified_time":"2022-11-30T16:12:17+00:00","twitter_card":"summary_large_image","twitter_misc":{"Gesch\u00e4tzte Lesezeit":"2\u00a0Minuten"},"schema":{"@context":"https:\/\/schema.org","@graph":[{"@type":"WebPage","@id":"https:\/\/\ufeff\ufeffpsychotherapie-adendorf.de\/?page_id=375","url":"https:\/\/\ufeff\ufeffpsychotherapie-adendorf.de\/?page_id=375","name":"f\u00fcr Erwachsene & Teams - Psychotherapie Adendorf","isPartOf":{"@id":"https:\/\/\ufeff\ufeffpsychotherapie-adendorf.de\/#website"},"datePublished":"2022-11-30T13:32:50+00:00","dateModified":"2022-11-30T16:12:17+00:00","breadcrumb":{"@id":"https:\/\/\ufeff\ufeffpsychotherapie-adendorf.de\/?page_id=375#breadcrumb"},"inLanguage":"de","potentialAction":[{"@type":"ReadAction","target":["https:\/\/\ufeff\ufeffpsychotherapie-adendorf.de\/?page_id=375"]}]},{"@type":"BreadcrumbList","@id":"https:\/\/\ufeff\ufeffpsychotherapie-adendorf.de\/?page_id=375#breadcrumb","itemListElement":[{"@type":"ListItem","position":1,"name":"Startseite","item":"https:\/\/\ufeff\ufeffpsychotherapie-adendorf.de\/"},{"@type":"ListItem","position":2,"name":"Meine Angebote","item":"https:\/\/\ufeff\ufeffpsychotherapie-adendorf.de\/?page_id=178"},{"@type":"ListItem","position":3,"name":"f\u00fcr Erwachsene &#038; Teams"}]},{"@type":"WebSite","@id":"https:\/\/\ufeff\ufeffpsychotherapie-adendorf.de\/#website","url":"https:\/\/\ufeff\ufeffpsychotherapie-adendorf.de\/","name":"Psychotherapie Adendorf","description":"","potentialAction":[{"@type":"SearchAction","target":{"@type":"EntryPoint","urlTemplate":"https:\/\/\ufeff\ufeffpsychotherapie-adendorf.de\/?s={search_term_string}"},"query-input":{"@type":"PropertyValueSpecification","valueRequired":true,"valueName":"search_term_string"}}],"inLanguage":"de"}]}},"_links":{"self":[{"href":"https:\/\/\ufeff\ufeffpsychotherapie-adendorf.de\/index.php?rest_route=\/wp\/v2\/pages\/375","targetHints":{"allow":["GET"]}}],"collection":[{"href":"https:\/\/\ufeff\ufeffpsychotherapie-adendorf.de\/index.php?rest_route=\/wp\/v2\/pages"}],"about":[{"href":"https:\/\/\ufeff\ufeffpsychotherapie-adendorf.de\/index.php?rest_route=\/wp\/v2\/types\/page"}],"author":[{"embeddable":true,"href":"https:\/\/\ufeff\ufeffpsychotherapie-adendorf.de\/index.php?rest_route=\/wp\/v2\/users\/1"}],"replies":[{"embeddable":true,"href":"https:\/\/\ufeff\ufeffpsychotherapie-adendorf.de\/index.php?rest_route=%2Fwp%2Fv2%2Fcomments&post=375"}],"version-history":[{"count":5,"href":"https:\/\/\ufeff\ufeffpsychotherapie-adendorf.de\/index.php?rest_route=\/wp\/v2\/pages\/375\/revisions"}],"predecessor-version":[{"id":382,"href":"https:\/\/\ufeff\ufeffpsychotherapie-adendorf.de\/index.php?rest_route=\/wp\/v2\/pages\/375\/revisions\/382"}],"up":[{"embeddable":true,"href":"https:\/\/\ufeff\ufeffpsychotherapie-adendorf.de\/index.php?rest_route=\/wp\/v2\/pages\/178"}],"wp:attachment":[{"href":"https:\/\/\ufeff\ufeffpsychotherapie-adendorf.de\/index.php?rest_route=%2Fwp%2Fv2%2Fmedia&parent=375"}],"curies":[{"name":"wp","href":"https:\/\/api.w.org\/{rel}","templated":true}]}}