{"id":372,"date":"2022-11-30T14:24:32","date_gmt":"2022-11-30T13:24:32","guid":{"rendered":"https:\/\/psychotherapie-adendorf.de\/?page_id=372"},"modified":"2022-11-30T17:11:48","modified_gmt":"2022-11-30T16:11:48","slug":"psychotherapie-fuer-kinder-und-jugendliche-bis-21-jahre","status":"publish","type":"page","link":"https:\/\/\ufeff\ufeffpsychotherapie-adendorf.de\/?page_id=372","title":{"rendered":"f\u00fcr Kinder &#038; Jugendliche"},"content":{"rendered":"<section class=\"wpb-content-wrapper\"><p>[vc_row][vc_column]<style>.ld_spacer_69e593b3d84b4{height:4px;}<\/style>\n<div class=\"ld-empty-space ld_spacer_69e593b3d84b4\"><span class=\"liquid_empty_space_inner\"><\/span><\/div>[\/vc_column][\/vc_row][vc_row][vc_column]\n\t\t\t<!-- START Angebote_1 REVOLUTION SLIDER 6.5.21 --><p class=\"rs-p-wp-fix\"><\/p>\n\t\t\t<rs-module-wrap id=\"rev_slider_12_1_wrapper\" data-source=\"gallery\" style=\"visibility:hidden;background:#c4cdd4;padding:0;margin:0px auto;margin-top:0;margin-bottom:0;\">\n\t\t\t\t<rs-module id=\"rev_slider_12_1\" style=\"\" data-version=\"6.5.21\">\n\t\t\t\t\t<rs-slides>\n\t\t\t\t\t\t<rs-slide style=\"position: absolute;\" data-key=\"rs-13\" data-title=\"Slide\" data-in=\"o:0;\" data-out=\"a:false;\">\n\t\t\t\t\t\t\t<img decoding=\"async\" src=\"\/\/psychotherapie-adendorf.de\/wp-content\/plugins\/revslider\/public\/assets\/assets\/dummy.png\" alt=\"Slide\" title=\"f\u00fcr Kinder &#038; Jugendliche\" class=\"rev-slidebg tp-rs-img rs-lazyload\" data-lazyload=\"\/\/psychotherapie-adendorf.de\/wp-content\/plugins\/revslider\/public\/assets\/assets\/transparent.png\" data-no-retina>\n<!--\n\t\t\t\t\t\t\t--><rs-layer\n\t\t\t\t\t\t\t\tid=\"slider-12-slide-13-layer-0\" \n\t\t\t\t\t\t\t\tdata-type=\"image\"\n\t\t\t\t\t\t\t\tdata-rsp_ch=\"on\"\n\t\t\t\t\t\t\t\tdata-xy=\"y:-80px;\"\n\t\t\t\t\t\t\t\tdata-text=\"w:normal;\"\n\t\t\t\t\t\t\t\tdata-dim=\"w:1170px;h:485px;\"\n\t\t\t\t\t\t\t\tdata-frame_999=\"o:0;st:w;\"\n\t\t\t\t\t\t\t\tstyle=\"z-index:5;\"\n\t\t\t\t\t\t\t><img loading=\"lazy\" decoding=\"async\" src=\"\/\/psychotherapie-adendorf.de\/wp-content\/plugins\/revslider\/public\/assets\/assets\/dummy.png\" alt=\"\" class=\"tp-rs-img rs-lazyload\" width=\"1170\" height=\"485\" data-lazyload=\"\/\/psychotherapie-adendorf.de\/wp-content\/uploads\/2022\/11\/iStock-172259663.jpg\" data-no-retina> \n\t\t\t\t\t\t\t<\/rs-layer><!--\n\n\t\t\t\t\t\t\t--><rs-layer\n\t\t\t\t\t\t\t\tid=\"slider-12-slide-13-layer-1\" \n\t\t\t\t\t\t\t\tdata-type=\"image\"\n\t\t\t\t\t\t\t\tdata-rsp_ch=\"on\"\n\t\t\t\t\t\t\t\tdata-xy=\"x:45px;y:150px;\"\n\t\t\t\t\t\t\t\tdata-text=\"w:normal;\"\n\t\t\t\t\t\t\t\tdata-dim=\"w:756px;h:206px;\"\n\t\t\t\t\t\t\t\tdata-frame_1=\"e:power4.inOut;st:5;sp:900;\"\n\t\t\t\t\t\t\t\tdata-frame_999=\"o:0;st:w;\"\n\t\t\t\t\t\t\t\tstyle=\"z-index:6;\"\n\t\t\t\t\t\t\t><img loading=\"lazy\" decoding=\"async\" src=\"\/\/psychotherapie-adendorf.de\/wp-content\/plugins\/revslider\/public\/assets\/assets\/dummy.png\" alt=\"\" class=\"tp-rs-img rs-lazyload\" width=\"756\" height=\"206\" data-lazyload=\"\/\/psychotherapie-adendorf.de\/wp-content\/uploads\/2022\/11\/hg_flaeche_weiss_alt.png\" data-no-retina> \n\t\t\t\t\t\t\t<\/rs-layer><!--\n\n\t\t\t\t\t\t\t--><rs-layer\n\t\t\t\t\t\t\t\tid=\"slider-12-slide-13-layer-2\" \n\t\t\t\t\t\t\t\tdata-type=\"image\"\n\t\t\t\t\t\t\t\tdata-rsp_ch=\"on\"\n\t\t\t\t\t\t\t\tdata-xy=\"x:810px;y:150px;\"\n\t\t\t\t\t\t\t\tdata-text=\"w:normal;\"\n\t\t\t\t\t\t\t\tdata-dim=\"w:315px;h:206px;\"\n\t\t\t\t\t\t\t\tdata-frame_1=\"e:power4.inOut;st:5;sp:900;\"\n\t\t\t\t\t\t\t\tdata-frame_999=\"o:0;st:w;\"\n\t\t\t\t\t\t\t\tstyle=\"z-index:7;\"\n\t\t\t\t\t\t\t><img loading=\"lazy\" decoding=\"async\" src=\"\/\/psychotherapie-adendorf.de\/wp-content\/plugins\/revslider\/public\/assets\/assets\/dummy.png\" alt=\"\" class=\"tp-rs-img rs-lazyload\" width=\"315\" height=\"206\" data-lazyload=\"\/\/psychotherapie-adendorf.de\/wp-content\/uploads\/2022\/11\/hg_flaeche_gruen_alt.png\" data-no-retina> \n\t\t\t\t\t\t\t<\/rs-layer><!--\n\n\t\t\t\t\t\t\t--><rs-layer\n\t\t\t\t\t\t\t\tid=\"slider-12-slide-13-layer-3\" \n\t\t\t\t\t\t\t\tdata-type=\"text\"\n\t\t\t\t\t\t\t\tdata-color=\"#95c11f\"\n\t\t\t\t\t\t\t\tdata-rsp_ch=\"on\"\n\t\t\t\t\t\t\t\tdata-xy=\"x:100px;y:250px;\"\n\t\t\t\t\t\t\t\tdata-text=\"w:normal;s:48;fw:300;\"\n\t\t\t\t\t\t\t\tdata-dim=\"w:250px;h:50px;\"\n\t\t\t\t\t\t\t\tdata-frame_999=\"o:0;st:w;\"\n\t\t\t\t\t\t\t\tstyle=\"z-index:8;font-family:'Titillium Web';\"\n\t\t\t\t\t\t\t>ANGEBOTE \n\t\t\t\t\t\t\t<\/rs-layer><!--\n\n\t\t\t\t\t\t\t--><rs-layer\n\t\t\t\t\t\t\t\tid=\"slider-12-slide-13-layer-4\" \n\t\t\t\t\t\t\t\tdata-type=\"text\"\n\t\t\t\t\t\t\t\tdata-color=\"#73828d\"\n\t\t\t\t\t\t\t\tdata-rsp_ch=\"on\"\n\t\t\t\t\t\t\t\tdata-xy=\"x:100px;y:300px;\"\n\t\t\t\t\t\t\t\tdata-text=\"w:normal;s:24;l:28;\"\n\t\t\t\t\t\t\t\tdata-frame_999=\"o:0;st:w;\"\n\t\t\t\t\t\t\t\tstyle=\"z-index:9;font-family:'Titillium Web';\"\n\t\t\t\t\t\t\t>F\u00dcR KINDER & JUGENDLICHE \n\t\t\t\t\t\t\t<\/rs-layer><!--\n\n\t\t\t\t\t\t\t--><rs-layer\n\t\t\t\t\t\t\t\tid=\"slider-12-slide-13-layer-5\" \n\t\t\t\t\t\t\t\tdata-type=\"text\"\n\t\t\t\t\t\t\t\tdata-color=\"#ffffff\"\n\t\t\t\t\t\t\t\tdata-rsp_ch=\"on\"\n\t\t\t\t\t\t\t\tdata-xy=\"x:835px;y:175px;\"\n\t\t\t\t\t\t\t\tdata-text=\"w:normal;s:18;l:28;ls:1px;fw:700;\"\n\t\t\t\t\t\t\t\tdata-frame_999=\"o:0;st:w;\"\n\t\t\t\t\t\t\t\tstyle=\"z-index:10;font-family:'Titillium Web';\"\n\t\t\t\t\t\t\t>KONTAKT \n\t\t\t\t\t\t\t<\/rs-layer><!--\n\n\t\t\t\t\t\t\t--><a\n\t\t\t\t\t\t\t\tid=\"slider-12-slide-13-layer-6\" \n\t\t\t\t\t\t\t\tclass=\"rs-layer\"\n\t\t\t\t\t\t\t\thref=\"mailto:info@psychotherapie-adendorf.de\" target=\"_blank\" rel=\"noopener\"\n\t\t\t\t\t\t\t\tdata-type=\"text\"\n\t\t\t\t\t\t\t\tdata-color=\"#ffffff\"\n\t\t\t\t\t\t\t\tdata-rsp_ch=\"on\"\n\t\t\t\t\t\t\t\tdata-xy=\"x:835px;y:205px;\"\n\t\t\t\t\t\t\t\tdata-text=\"w:normal;s:18;l:28;ls:0px;fw:600;\"\n\t\t\t\t\t\t\t\tdata-dim=\"h:1px;\"\n\t\t\t\t\t\t\t\tdata-frame_999=\"o:0;st:w;\"\n\t\t\t\t\t\t\t\tstyle=\"z-index:11;font-family:'Titillium Web';\"\n\t\t\t\t\t\t\t>MARTIN ADENDORF<br \/>\n<br \/>\nTel.: 01 57 - 87 37 36 21<br \/>\ninfo@psychotherapie-adendorf.de \n\t\t\t\t\t\t\t<\/a><!--\n-->\t\t\t\t\t\t<\/rs-slide>\n\t\t\t\t\t<\/rs-slides>\n\t\t\t\t<\/rs-module>\n\t\t\t\t<script>\n\t\t\t\t\tsetREVStartSize({c: 'rev_slider_12_1',rl:[1240,1024,778,480],el:[400],gw:[1170],gh:[400],type:'standard',justify:'',layout:'fullwidth',mh:\"0\"});if (window.RS_MODULES!==undefined && window.RS_MODULES.modules!==undefined && window.RS_MODULES.modules[\"revslider121\"]!==undefined) {window.RS_MODULES.modules[\"revslider121\"].once = false;window.revapi12 = undefined;if (window.RS_MODULES.checkMinimal!==undefined) window.RS_MODULES.checkMinimal()}\n\t\t\t\t<\/script>\n\t\t\t<\/rs-module-wrap>\n\t\t\t<!-- END REVOLUTION SLIDER -->\n[\/vc_column][\/vc_row][vc_row][vc_column]<style>.ld_spacer_69e593b3dbff0{height:4px;}<\/style>\n<div class=\"ld-empty-space ld_spacer_69e593b3dbff0\"><span class=\"liquid_empty_space_inner\"><\/span><\/div>[\/vc_column][\/vc_row][vc_row css=&#8220;.vc_custom_1669798726571{margin-top: 4em !important;}&#8220;][vc_column][vc_separator color=&#8220;custom&#8220; accent_color=&#8220;#808291&#8243;][\/vc_column][\/vc_row][vc_row][vc_column width=&#8220;3\/4&#8243; css=&#8220;.vc_custom_1669799117057{margin-top: 1em !important;margin-bottom: 4em !important;}&#8220; responsive_css=&#8220;margin_top_large:1em|margin_top_medium:1em|margin_top_small:1em&#8220;][vc_column_text css_animation=&#8220;fadeIn&#8220;]<\/p>\n<h3><span style=\"color: #2a90b2;\">Psychotherapie<br \/>\nf\u00fcr Kinder ab dem 3. Lebensjahr<\/span><\/h3>\n<p>Kinder sind aufgrund ihres Entwicklungsstands noch nicht in der Lage, ihr Erleben ausreichend gut zu reflektieren und zu verbalisieren. Deshalb dient unter anderem das gemeinsame Spielen mit Handpuppen, Regel- und Wettkampfspielen oder die Nutzung von Mal- und Bastelmaterialien als Medium, um mit der Gef\u00fchls- und Gedankenwelt des Kindes in Kontakt treten und diese verstehen zu k\u00f6nnen.<\/p>\n<p>Abh\u00e4ngig vom St\u00f6rungsbild Ihres Kindes sowie seiner und Ihrer aktuellen Lebenssituation werde ich mit Ihnen entscheiden, ob ein tiefenpsychologisches oder analytisches Therapieverfahren zum Einsatz kommen soll.<\/p>\n<p>Bei der therapeutischen Arbeit mit Kindern ist es sehr wichtig, dass ich die Eltern\/die wichtigsten Bezugspersonen in regelm\u00e4\u00dfigen Abst\u00e4nden in den laufenden Therapieprozess einbeziehen kann.<\/p>\n<p><a href=\"https:\/\/psychotherapie-adendorf.de\/?page_id=180\">\u00bb\u00a0\u00a0 Ablauf &amp; Kosten<\/a><\/p>\n<p>[\/vc_column_text][vc_separator color=&#8220;custom&#8220; accent_color=&#8220;#808291&#8243; css=&#8220;.vc_custom_1669747222929{margin-top: 1em !important;}&#8220;][vc_column_text css_animation=&#8220;fadeIn&#8220;]<\/p>\n<h3><span style=\"color: #2a90b2;\">Psychotherapie<br \/>\nf\u00fcr Jugendliche und junge Erwachsene<\/span><\/h3>\n<p>Mit fortschreitendem Alter wird der sprachliche Austausch zwischen Patient*in und Therapeut mehr und mehr zum haupts\u00e4chlichen Kommunikationsmittel. Je nach Entwicklungsstand und individuellen Vorlieben stehen weiterhin Spiel- und Bastelmaterialien als M\u00f6glichkeit der Kontaktgestaltung zur Verf\u00fcgung. Das Therapieverfahren sowie die Anzahl der w\u00f6chentlichen Sitzungen werde ich vom St\u00f6rungsbild sowie Ihrer aktuellen Lebenssituation abh\u00e4ngig machen. Jugendliche ab dem 16. Lebensjahr d\u00fcrfen entscheiden, ob die Eltern bzw. die wichtigsten Bezugspersonen in die Therapie einbezogen werden. Junge Erwachsene, die das 21. Lebensjahr noch nicht vollendet haben, d\u00fcrfen entscheiden, ob sie die Psychotherapie in einer Praxis f\u00fcr Kinder und Jugendliche oder einer Praxis f\u00fcr Erwachsene durchf\u00fchren m\u00f6chten.<\/p>\n<p><a href=\"https:\/\/psychotherapie-adendorf.de\/?page_id=180\">\u00bb\u00a0\u00a0 Ablauf &amp; Kosten<\/a><\/p>\n<p>[\/vc_column_text][vc_separator color=&#8220;custom&#8220; accent_color=&#8220;#808291&#8243; css=&#8220;.vc_custom_1669745889769{margin-top: 2em !important;}&#8220;][vc_column_text css_animation=&#8220;fadeIn&#8220;]<\/p>\n<h3><span style=\"color: #2a90b2;\">Behandlungsanl\u00e4sse<\/span><\/h3>\n<p>\u00bb ADS und ADHS<\/p>\n<p>\u00bb \u00c4ngste (generelle Angstst\u00f6rung, Trennungs\u00e4ngste etc.)<\/p>\n<p>\u00bb Anpassungsst\u00f6rungen<\/p>\n<p>\u00bb Depressionen und depressive Episoden<\/p>\n<p>\u00bb Dissoziationen<\/p>\n<p>\u00bb Einn\u00e4ssen und Einkoten<\/p>\n<p>\u00bb Essst\u00f6rungen (Anorexie, Bulimie, Binge-Eating-Disorder)<\/p>\n<p>\u00bb Panikst\u00f6rungen<\/p>\n<p>\u00bb Pers\u00f6nlichkeitsst\u00f6rungen<\/p>\n<p>\u00bb Phobien (soziale Phobie, Schulphobie, Tierphobien etc.)<\/p>\n<p>\u00bb Psychosomatische Beschwerden<\/p>\n<p>\u00bb Psychische und Verhaltensst\u00f6rungen in Verbindung mit der sexuellen Entwicklung und Orientierung (u.a. Aufl\u00f6sung von psychischen Konflikten im Zusammenhang mit Homo-, Bi- oder Pansexualit\u00e4t, Bearbeitung sexueller Beziehungsst\u00f6rungen)<\/p>\n<p>\u00bb Selbstwertst\u00f6rungen<\/p>\n<p>\u00bb St\u00f6rung der Geschlechtsidentit\u00e4t (u.a. Unterst\u00fctzung bei der Integration von Transidentit\u00e4t, Intersexualit\u00e4t etc.)<\/p>\n<p>\u00bb Stress &#8211; Burnout &#8211; Mobbing<\/p>\n<p>\u00bb Suchterkrankungen<\/p>\n<p>\u00bb Schulverweigerung\/Schulabsentismus<\/p>\n<p>\u00bb St\u00f6rungen des Sozialverhaltens<\/p>\n<p>\u00bb St\u00f6rungen des Bindungsverhaltens (Abwehr von o. Anklammerungen an Beziehungen)<\/p>\n<p>\u00bb Tic-St\u00f6rungen<\/p>\n<p>\u00bb Trauer<\/p>\n<p>\u00bb Trauma<\/p>\n<p>\u00bb Zw\u00e4nge<\/p>\n<p><a href=\"https:\/\/psychotherapie-adendorf.de\/?page_id=180\">\u00bb\u00a0\u00a0 Ablauf &amp; Kosten<\/a>[\/vc_column_text][vc_separator color=&#8220;custom&#8220; accent_color=&#8220;#808291&#8243; css=&#8220;.vc_custom_1669745889769{margin-top: 2em !important;}&#8220;][\/vc_column][vc_column width=&#8220;1\/4&#8243; responsive_css=&#8220;margin_top_large:1em|margin_top_medium:1em|margin_top_small:1em&#8220; css=&#8220;.vc_custom_1669799132460{margin-top: 1em !important;}&#8220;][\/vc_column][\/vc_row]<\/p>\n<\/section>","protected":false},"excerpt":{"rendered":"<p>[vc_row][vc_column][\/vc_column][\/vc_row][vc_row][vc_column][\/vc_column][\/vc_row][vc_row][vc_column][\/vc_column][\/vc_row][vc_row css=&#8220;.vc_custom_1669798726571{margin-top: 4em !important;}&#8220;][vc_column][vc_separator color=&#8220;custom&#8220; accent_color=&#8220;#808291&#8243;][\/vc_column][\/vc_row][vc_row][vc_column width=&#8220;3\/4&#8243; css=&#8220;.vc_custom_1669799117057{margin-top: 1em !important;margin-bottom: 4em !important;}&#8220; responsive_css=&#8220;margin_top_large:1em|margin_top_medium:1em|margin_top_small:1em&#8220;][vc_column_text css_animation=&#8220;fadeIn&#8220;] Psychotherapie&#8230;<\/p>\n","protected":false},"author":1,"featured_media":0,"parent":178,"menu_order":0,"comment_status":"closed","ping_status":"closed","template":"","meta":{"inline_featured_image":false,"footnotes":""},"class_list":["post-372","page","type-page","status-publish","hentry"],"yoast_head":"<!-- This site is optimized with the Yoast SEO plugin v23.8 - https:\/\/yoast.com\/wordpress\/plugins\/seo\/ -->\n<title>f\u00fcr Kinder &amp; Jugendliche - Psychotherapie Adendorf<\/title>\n<meta name=\"robots\" content=\"index, follow, max-snippet:-1, max-image-preview:large, max-video-preview:-1\" \/>\n<link rel=\"canonical\" href=\"https:\/\/\ufeff\ufeffpsychotherapie-adendorf.de\/?page_id=372\" \/>\n<meta property=\"og:locale\" content=\"de_DE\" \/>\n<meta property=\"og:type\" content=\"article\" \/>\n<meta property=\"og:title\" content=\"f\u00fcr Kinder &amp; Jugendliche - Psychotherapie Adendorf\" \/>\n<meta property=\"og:description\" content=\"[vc_row][vc_column][\/vc_column][\/vc_row][vc_row][vc_column][\/vc_column][\/vc_row][vc_row][vc_column][\/vc_column][\/vc_row][vc_row css=&#8220;.vc_custom_1669798726571{margin-top: 4em !important;}&#8220;][vc_column][vc_separator color=&#8220;custom&#8220; accent_color=&#8220;#808291&#8243;][\/vc_column][\/vc_row][vc_row][vc_column width=&#8220;3\/4&#8243; css=&#8220;.vc_custom_1669799117057{margin-top: 1em !important;margin-bottom: 4em !important;}&#8220; responsive_css=&#8220;margin_top_large:1em|margin_top_medium:1em|margin_top_small:1em&#8220;][vc_column_text css_animation=&#8220;fadeIn&#8220;] Psychotherapie...\" \/>\n<meta property=\"og:url\" content=\"https:\/\/\ufeff\ufeffpsychotherapie-adendorf.de\/?page_id=372\" \/>\n<meta property=\"og:site_name\" content=\"Psychotherapie Adendorf\" \/>\n<meta property=\"article:modified_time\" content=\"2022-11-30T16:11:48+00:00\" \/>\n<meta name=\"twitter:card\" content=\"summary_large_image\" \/>\n<meta name=\"twitter:label1\" content=\"Gesch\u00e4tzte Lesezeit\" \/>\n\t<meta name=\"twitter:data1\" content=\"3\u00a0Minuten\" \/>\n<script type=\"application\/ld+json\" class=\"yoast-schema-graph\">{\"@context\":\"https:\/\/schema.org\",\"@graph\":[{\"@type\":\"WebPage\",\"@id\":\"https:\/\/\ufeff\ufeffpsychotherapie-adendorf.de\/?page_id=372\",\"url\":\"https:\/\/\ufeff\ufeffpsychotherapie-adendorf.de\/?page_id=372\",\"name\":\"f\u00fcr Kinder & Jugendliche - Psychotherapie Adendorf\",\"isPartOf\":{\"@id\":\"https:\/\/\ufeff\ufeffpsychotherapie-adendorf.de\/#website\"},\"datePublished\":\"2022-11-30T13:24:32+00:00\",\"dateModified\":\"2022-11-30T16:11:48+00:00\",\"breadcrumb\":{\"@id\":\"https:\/\/\ufeff\ufeffpsychotherapie-adendorf.de\/?page_id=372#breadcrumb\"},\"inLanguage\":\"de\",\"potentialAction\":[{\"@type\":\"ReadAction\",\"target\":[\"https:\/\/\ufeff\ufeffpsychotherapie-adendorf.de\/?page_id=372\"]}]},{\"@type\":\"BreadcrumbList\",\"@id\":\"https:\/\/\ufeff\ufeffpsychotherapie-adendorf.de\/?page_id=372#breadcrumb\",\"itemListElement\":[{\"@type\":\"ListItem\",\"position\":1,\"name\":\"Startseite\",\"item\":\"https:\/\/\ufeff\ufeffpsychotherapie-adendorf.de\/\"},{\"@type\":\"ListItem\",\"position\":2,\"name\":\"Meine Angebote\",\"item\":\"https:\/\/\ufeff\ufeffpsychotherapie-adendorf.de\/?page_id=178\"},{\"@type\":\"ListItem\",\"position\":3,\"name\":\"f\u00fcr Kinder &#038; Jugendliche\"}]},{\"@type\":\"WebSite\",\"@id\":\"https:\/\/\ufeff\ufeffpsychotherapie-adendorf.de\/#website\",\"url\":\"https:\/\/\ufeff\ufeffpsychotherapie-adendorf.de\/\",\"name\":\"Psychotherapie Adendorf\",\"description\":\"\",\"potentialAction\":[{\"@type\":\"SearchAction\",\"target\":{\"@type\":\"EntryPoint\",\"urlTemplate\":\"https:\/\/\ufeff\ufeffpsychotherapie-adendorf.de\/?s={search_term_string}\"},\"query-input\":{\"@type\":\"PropertyValueSpecification\",\"valueRequired\":true,\"valueName\":\"search_term_string\"}}],\"inLanguage\":\"de\"}]}<\/script>\n<!-- \/ Yoast SEO plugin. -->","yoast_head_json":{"title":"f\u00fcr Kinder & Jugendliche - Psychotherapie Adendorf","robots":{"index":"index","follow":"follow","max-snippet":"max-snippet:-1","max-image-preview":"max-image-preview:large","max-video-preview":"max-video-preview:-1"},"canonical":"https:\/\/\ufeff\ufeffpsychotherapie-adendorf.de\/?page_id=372","og_locale":"de_DE","og_type":"article","og_title":"f\u00fcr Kinder & Jugendliche - Psychotherapie Adendorf","og_description":"[vc_row][vc_column][\/vc_column][\/vc_row][vc_row][vc_column][\/vc_column][\/vc_row][vc_row][vc_column][\/vc_column][\/vc_row][vc_row css=&#8220;.vc_custom_1669798726571{margin-top: 4em !important;}&#8220;][vc_column][vc_separator color=&#8220;custom&#8220; accent_color=&#8220;#808291&#8243;][\/vc_column][\/vc_row][vc_row][vc_column width=&#8220;3\/4&#8243; css=&#8220;.vc_custom_1669799117057{margin-top: 1em !important;margin-bottom: 4em !important;}&#8220; responsive_css=&#8220;margin_top_large:1em|margin_top_medium:1em|margin_top_small:1em&#8220;][vc_column_text css_animation=&#8220;fadeIn&#8220;] Psychotherapie...","og_url":"https:\/\/\ufeff\ufeffpsychotherapie-adendorf.de\/?page_id=372","og_site_name":"Psychotherapie Adendorf","article_modified_time":"2022-11-30T16:11:48+00:00","twitter_card":"summary_large_image","twitter_misc":{"Gesch\u00e4tzte Lesezeit":"3\u00a0Minuten"},"schema":{"@context":"https:\/\/schema.org","@graph":[{"@type":"WebPage","@id":"https:\/\/\ufeff\ufeffpsychotherapie-adendorf.de\/?page_id=372","url":"https:\/\/\ufeff\ufeffpsychotherapie-adendorf.de\/?page_id=372","name":"f\u00fcr Kinder & Jugendliche - Psychotherapie Adendorf","isPartOf":{"@id":"https:\/\/\ufeff\ufeffpsychotherapie-adendorf.de\/#website"},"datePublished":"2022-11-30T13:24:32+00:00","dateModified":"2022-11-30T16:11:48+00:00","breadcrumb":{"@id":"https:\/\/\ufeff\ufeffpsychotherapie-adendorf.de\/?page_id=372#breadcrumb"},"inLanguage":"de","potentialAction":[{"@type":"ReadAction","target":["https:\/\/\ufeff\ufeffpsychotherapie-adendorf.de\/?page_id=372"]}]},{"@type":"BreadcrumbList","@id":"https:\/\/\ufeff\ufeffpsychotherapie-adendorf.de\/?page_id=372#breadcrumb","itemListElement":[{"@type":"ListItem","position":1,"name":"Startseite","item":"https:\/\/\ufeff\ufeffpsychotherapie-adendorf.de\/"},{"@type":"ListItem","position":2,"name":"Meine Angebote","item":"https:\/\/\ufeff\ufeffpsychotherapie-adendorf.de\/?page_id=178"},{"@type":"ListItem","position":3,"name":"f\u00fcr Kinder &#038; Jugendliche"}]},{"@type":"WebSite","@id":"https:\/\/\ufeff\ufeffpsychotherapie-adendorf.de\/#website","url":"https:\/\/\ufeff\ufeffpsychotherapie-adendorf.de\/","name":"Psychotherapie Adendorf","description":"","potentialAction":[{"@type":"SearchAction","target":{"@type":"EntryPoint","urlTemplate":"https:\/\/\ufeff\ufeffpsychotherapie-adendorf.de\/?s={search_term_string}"},"query-input":{"@type":"PropertyValueSpecification","valueRequired":true,"valueName":"search_term_string"}}],"inLanguage":"de"}]}},"_links":{"self":[{"href":"https:\/\/\ufeff\ufeffpsychotherapie-adendorf.de\/index.php?rest_route=\/wp\/v2\/pages\/372","targetHints":{"allow":["GET"]}}],"collection":[{"href":"https:\/\/\ufeff\ufeffpsychotherapie-adendorf.de\/index.php?rest_route=\/wp\/v2\/pages"}],"about":[{"href":"https:\/\/\ufeff\ufeffpsychotherapie-adendorf.de\/index.php?rest_route=\/wp\/v2\/types\/page"}],"author":[{"embeddable":true,"href":"https:\/\/\ufeff\ufeffpsychotherapie-adendorf.de\/index.php?rest_route=\/wp\/v2\/users\/1"}],"replies":[{"embeddable":true,"href":"https:\/\/\ufeff\ufeffpsychotherapie-adendorf.de\/index.php?rest_route=%2Fwp%2Fv2%2Fcomments&post=372"}],"version-history":[{"count":2,"href":"https:\/\/\ufeff\ufeffpsychotherapie-adendorf.de\/index.php?rest_route=\/wp\/v2\/pages\/372\/revisions"}],"predecessor-version":[{"id":403,"href":"https:\/\/\ufeff\ufeffpsychotherapie-adendorf.de\/index.php?rest_route=\/wp\/v2\/pages\/372\/revisions\/403"}],"up":[{"embeddable":true,"href":"https:\/\/\ufeff\ufeffpsychotherapie-adendorf.de\/index.php?rest_route=\/wp\/v2\/pages\/178"}],"wp:attachment":[{"href":"https:\/\/\ufeff\ufeffpsychotherapie-adendorf.de\/index.php?rest_route=%2Fwp%2Fv2%2Fmedia&parent=372"}],"curies":[{"name":"wp","href":"https:\/\/api.w.org\/{rel}","templated":true}]}}