{"id":258,"date":"2022-11-28T18:19:32","date_gmt":"2022-11-28T17:19:32","guid":{"rendered":"https:\/\/psychotherapie-adendorf.de\/?page_id=258"},"modified":"2022-11-28T18:52:59","modified_gmt":"2022-11-28T17:52:59","slug":"impressum","status":"publish","type":"page","link":"https:\/\/\ufeff\ufeffpsychotherapie-adendorf.de\/?page_id=258","title":{"rendered":"Impressum"},"content":{"rendered":"<section class=\"wpb-content-wrapper\"><p>[vc_row][vc_column]<style>.ld_spacer_69e594fe4739a{height:4px;}<\/style>\n<div class=\"ld-empty-space ld_spacer_69e594fe4739a\"><span class=\"liquid_empty_space_inner\"><\/span><\/div>[\/vc_column][\/vc_row][vc_row][vc_column]\n\t\t\t<!-- START Impressum REVOLUTION SLIDER 6.5.21 --><p class=\"rs-p-wp-fix\"><\/p>\n\t\t\t<rs-module-wrap id=\"rev_slider_8_1_wrapper\" data-source=\"gallery\" style=\"visibility:hidden;background:#c4cdd4;padding:0;margin:0px auto;margin-top:0;margin-bottom:0;\">\n\t\t\t\t<rs-module id=\"rev_slider_8_1\" style=\"\" data-version=\"6.5.21\">\n\t\t\t\t\t<rs-slides>\n\t\t\t\t\t\t<rs-slide style=\"position: absolute;\" data-key=\"rs-9\" data-title=\"Slide\" data-in=\"o:0;\" data-out=\"a:false;\">\n\t\t\t\t\t\t\t<img decoding=\"async\" src=\"\/\/psychotherapie-adendorf.de\/wp-content\/plugins\/revslider\/public\/assets\/assets\/dummy.png\" alt=\"Slide\" title=\"Impressum\" class=\"rev-slidebg tp-rs-img rs-lazyload\" data-lazyload=\"\/\/psychotherapie-adendorf.de\/wp-content\/plugins\/revslider\/public\/assets\/assets\/transparent.png\" data-no-retina>\n<!--\n\t\t\t\t\t\t\t--><rs-layer\n\t\t\t\t\t\t\t\tid=\"slider-8-slide-9-layer-0\" \n\t\t\t\t\t\t\t\tdata-type=\"image\"\n\t\t\t\t\t\t\t\tdata-rsp_ch=\"on\"\n\t\t\t\t\t\t\t\tdata-xy=\"y:-80px;\"\n\t\t\t\t\t\t\t\tdata-text=\"w:normal;\"\n\t\t\t\t\t\t\t\tdata-dim=\"w:1170px;h:483px;\"\n\t\t\t\t\t\t\t\tdata-frame_999=\"o:0;st:w;\"\n\t\t\t\t\t\t\t\tstyle=\"z-index:5;\"\n\t\t\t\t\t\t\t><img loading=\"lazy\" decoding=\"async\" src=\"\/\/psychotherapie-adendorf.de\/wp-content\/plugins\/revslider\/public\/assets\/assets\/dummy.png\" alt=\"\" class=\"tp-rs-img rs-lazyload\" width=\"1170\" height=\"483\" data-lazyload=\"\/\/psychotherapie-adendorf.de\/wp-content\/uploads\/2022\/11\/MG_0332_bearb.jpg\" data-no-retina> \n\t\t\t\t\t\t\t<\/rs-layer><!--\n\n\t\t\t\t\t\t\t--><rs-layer\n\t\t\t\t\t\t\t\tid=\"slider-8-slide-9-layer-1\" \n\t\t\t\t\t\t\t\tdata-type=\"image\"\n\t\t\t\t\t\t\t\tdata-rsp_ch=\"on\"\n\t\t\t\t\t\t\t\tdata-xy=\"x:45px;y:150px;\"\n\t\t\t\t\t\t\t\tdata-text=\"w:normal;\"\n\t\t\t\t\t\t\t\tdata-dim=\"w:756px;h:206px;\"\n\t\t\t\t\t\t\t\tdata-frame_1=\"e:power4.inOut;st:5;sp:900;\"\n\t\t\t\t\t\t\t\tdata-frame_999=\"o:0;st:w;\"\n\t\t\t\t\t\t\t\tstyle=\"z-index:6;\"\n\t\t\t\t\t\t\t><img loading=\"lazy\" decoding=\"async\" src=\"\/\/psychotherapie-adendorf.de\/wp-content\/plugins\/revslider\/public\/assets\/assets\/dummy.png\" alt=\"\" class=\"tp-rs-img rs-lazyload\" width=\"756\" height=\"206\" data-lazyload=\"\/\/psychotherapie-adendorf.de\/wp-content\/uploads\/2022\/11\/hg_flaeche_weiss_alt.png\" data-no-retina> \n\t\t\t\t\t\t\t<\/rs-layer><!--\n\n\t\t\t\t\t\t\t--><rs-layer\n\t\t\t\t\t\t\t\tid=\"slider-8-slide-9-layer-2\" \n\t\t\t\t\t\t\t\tdata-type=\"image\"\n\t\t\t\t\t\t\t\tdata-rsp_ch=\"on\"\n\t\t\t\t\t\t\t\tdata-xy=\"x:810px;y:150px;\"\n\t\t\t\t\t\t\t\tdata-text=\"w:normal;\"\n\t\t\t\t\t\t\t\tdata-dim=\"w:315px;h:206px;\"\n\t\t\t\t\t\t\t\tdata-frame_1=\"e:power4.inOut;st:5;sp:900;\"\n\t\t\t\t\t\t\t\tdata-frame_999=\"o:0;st:w;\"\n\t\t\t\t\t\t\t\tstyle=\"z-index:7;\"\n\t\t\t\t\t\t\t><img loading=\"lazy\" decoding=\"async\" src=\"\/\/psychotherapie-adendorf.de\/wp-content\/plugins\/revslider\/public\/assets\/assets\/dummy.png\" alt=\"\" class=\"tp-rs-img rs-lazyload\" width=\"315\" height=\"206\" data-lazyload=\"\/\/psychotherapie-adendorf.de\/wp-content\/uploads\/2022\/11\/hg_flaeche_gruen_alt.png\" data-no-retina> \n\t\t\t\t\t\t\t<\/rs-layer><!--\n\n\t\t\t\t\t\t\t--><rs-layer\n\t\t\t\t\t\t\t\tid=\"slider-8-slide-9-layer-3\" \n\t\t\t\t\t\t\t\tdata-type=\"text\"\n\t\t\t\t\t\t\t\tdata-color=\"#95c11f\"\n\t\t\t\t\t\t\t\tdata-rsp_ch=\"on\"\n\t\t\t\t\t\t\t\tdata-xy=\"x:100px;y:250px;\"\n\t\t\t\t\t\t\t\tdata-text=\"w:normal;s:48;fw:300;\"\n\t\t\t\t\t\t\t\tdata-dim=\"w:567px;h:50px;\"\n\t\t\t\t\t\t\t\tdata-frame_999=\"o:0;st:w;\"\n\t\t\t\t\t\t\t\tstyle=\"z-index:8;font-family:'Titillium Web';\"\n\t\t\t\t\t\t\t>IMPRESSUM \n\t\t\t\t\t\t\t<\/rs-layer><!--\n\n\t\t\t\t\t\t\t--><rs-layer\n\t\t\t\t\t\t\t\tid=\"slider-8-slide-9-layer-5\" \n\t\t\t\t\t\t\t\tdata-type=\"text\"\n\t\t\t\t\t\t\t\tdata-color=\"#ffffff\"\n\t\t\t\t\t\t\t\tdata-rsp_ch=\"on\"\n\t\t\t\t\t\t\t\tdata-xy=\"x:835px;y:175px;\"\n\t\t\t\t\t\t\t\tdata-text=\"w:normal;s:18;l:28;ls:1px;fw:700;\"\n\t\t\t\t\t\t\t\tdata-frame_999=\"o:0;st:w;\"\n\t\t\t\t\t\t\t\tstyle=\"z-index:10;font-family:'Titillium Web';\"\n\t\t\t\t\t\t\t>KONTAKT \n\t\t\t\t\t\t\t<\/rs-layer><!--\n\n\t\t\t\t\t\t\t--><a\n\t\t\t\t\t\t\t\tid=\"slider-8-slide-9-layer-6\" \n\t\t\t\t\t\t\t\tclass=\"rs-layer\"\n\t\t\t\t\t\t\t\thref=\"mailto:info@psychotherapie-adendorf.de\" target=\"_blank\" rel=\"noopener\"\n\t\t\t\t\t\t\t\tdata-type=\"text\"\n\t\t\t\t\t\t\t\tdata-color=\"#ffffff\"\n\t\t\t\t\t\t\t\tdata-rsp_ch=\"on\"\n\t\t\t\t\t\t\t\tdata-xy=\"x:835px;y:205px;\"\n\t\t\t\t\t\t\t\tdata-text=\"w:normal;s:18;l:28;ls:0px;fw:600;\"\n\t\t\t\t\t\t\t\tdata-dim=\"h:1px;\"\n\t\t\t\t\t\t\t\tdata-frame_999=\"o:0;st:w;\"\n\t\t\t\t\t\t\t\tstyle=\"z-index:11;font-family:'Titillium Web';\"\n\t\t\t\t\t\t\t>MARTIN ADENDORF<br \/>\n<br \/>\nTel.: 01 57 - 87 37 36 21<br \/>\ninfo@psychotherapie-adendorf.de \n\t\t\t\t\t\t\t<\/a><!--\n-->\t\t\t\t\t\t<\/rs-slide>\n\t\t\t\t\t<\/rs-slides>\n\t\t\t\t<\/rs-module>\n\t\t\t\t<script>\n\t\t\t\t\tsetREVStartSize({c: 'rev_slider_8_1',rl:[1240,1024,778,480],el:[400],gw:[1170],gh:[400],type:'standard',justify:'',layout:'fullwidth',mh:\"0\"});if (window.RS_MODULES!==undefined && window.RS_MODULES.modules!==undefined && window.RS_MODULES.modules[\"revslider81\"]!==undefined) {window.RS_MODULES.modules[\"revslider81\"].once = false;window.revapi8 = undefined;if (window.RS_MODULES.checkMinimal!==undefined) window.RS_MODULES.checkMinimal()}\n\t\t\t\t<\/script>\n\t\t\t<\/rs-module-wrap>\n\t\t\t<!-- END REVOLUTION SLIDER -->\n[\/vc_column][\/vc_row][vc_row css=&#8220;.vc_custom_1669657974118{margin-top: 4em !important;margin-bottom: 4em !important;}&#8220; responsive_css=&#8220;margin_top_large:4em|margin_bottom_large:4em|margin_top_medium:4em|margin_bottom_medium:4em|margin_top_small:4em|margin_bottom_small:4em&#8220;][vc_column width=&#8220;1\/2&#8243; align=&#8220;text-left&#8220;][vc_column_text css_animation=&#8220;fadeIn&#8220;]<\/p>\n<div>\n<h3 data-appear-top-offset=\"-100\" data-animated=\"pulse\"><span style=\"color: #2a90b2;\">Inhaltlich Verantwortlich<\/span><\/h3>\n<\/div>\n<div>\n<div data-appear-top-offset=\"-100\" data-animated=\"pulse\">\n<div>\n<div>\n<div>\n<p>Angaben gem\u00e4\u00df \u00a7 5 TMG:<br \/>\nMartin Adendorf<br \/>\nPsychoanalytiker DGIP \/ VAKIP<\/p>\n<p>Tempelstrasse 2B<br \/>\n50679 K\u00f6ln<\/p>\n<p>Tel.: 01 57 &#8211; 87 37 36 21<br \/>\nWeb.: <a data-enc-email=\"vasb[at]cflpubgurencvr-nqraqbes.qr\" data-wpel-link=\"ignore\"><span id=\"wpmt-293985-119911\">info@psychotherapie-adendorf.de<\/span><\/a><\/p>\n<hr \/>\n<h3><\/h3>\n<h3><span style=\"color: #2a90b2;\">Bildnachweis<\/span><\/h3>\n<p>.jpg \u2013 j\u00f6rg preu\u00dfer; b\u00fcro f\u00fcr kommunikationsdesign<br \/>\n<a title=\"Julia Nohr Fotografie\" href=\"http:\/\/wp.nohrfotografie.de\/\" target=\"_blank\" rel=\"noopener\">https:\/\/www.jpg-grafik.de\/<\/a><\/p>\n<p>&nbsp;<\/p>\n<p>iStockphoto LP<br \/>\n<a title=\"Julia Nohr Fotografie\" href=\"http:\/\/wp.nohrfotografie.de\/\" target=\"_blank\" rel=\"noopener\">https:\/\/www.istockphoto.com\/de\/EULegal<\/a><\/p>\n<hr \/>\n<h3><\/h3>\n<h3><span style=\"color: #2a90b2;\">Webseite<\/span><\/h3>\n<p>.jpg \u2013 j\u00f6rg preu\u00dfer; b\u00fcro f\u00fcr kommunikationsdesign<br \/>\n<a title=\"Julia Nohr Fotografie\" href=\"http:\/\/wp.nohrfotografie.de\/\" target=\"_blank\" rel=\"noopener\">https:\/\/www.jpg-grafik.de\/<\/a><\/p>\n<hr \/>\n<h4><\/h4>\n<h3><span style=\"color: #2a90b2;\">Ma\u00dfgebliche berufsrechtliche Regelungen<\/span><\/h3>\n<p>Gesetz \u00fcber die Berufe des Psychologischen Psychotherapeuten und des Kinder- und Jugendlichenpsychotherapeuten (Psychotherapeutengesetz \u2013 PsychThG) v. 16.06.1998 (BGBI. I S. 1311) zuletzt ge\u00e4ndert am 20.06.2002 (BGBI. I S. 1946, 1996). Berufsordnung der Psychotherapeutenkammer NRW vom 12. November 2004.<\/p>\n<hr \/>\n<h4><\/h4>\n<h3><span style=\"color: #2a90b2;\">Zust\u00e4ndige Aufsichtsbeh\u00f6rde gem. \u00a7 6 NR.3 TDG<\/span><\/h3>\n<p>Psychotherapeutenkammer NRW, Willst\u00e4tterstr. 10, 40549 D\u00fcsseldorf; Tel.: 0211-5228470, Mail: info[a]ptk-nrw.de, Web: ptk-nrw.de<\/p>\n<p>Kassen\u00e4rztliche Vereinigung Nordrhein, Sedanstr. 10-16, 50668 K\u00f6ln; Tel.: 0221-77636666, Mail: service.koeln[a]kvno.de, Web: kvno.de<\/p>\n<hr \/>\n<\/div>\n<\/div>\n<\/div>\n<\/div>\n<\/div>\n<p>[\/vc_column_text][\/vc_column][vc_column width=&#8220;1\/2&#8243; align=&#8220;text-left&#8220;][vc_column_text css_animation=&#8220;fadeIn&#8220;]<\/p>\n<h3><span style=\"color: #2a90b2;\">Haftung f\u00fcr Inhalte<\/span><\/h3>\n<p>Als Diensteanbieter bin ich gem\u00e4\u00df \u00a7 7 Abs.1 TMG f\u00fcr eigene Inhalte auf diesen Seiten nach den allgemeinen Gesetzen verantwortlich. Nach \u00a7\u00a7 8 bis 10 TMG bin ich als Diensteanbieter jedoch nicht verpflichtet, \u00fcbermittelte oder gespeicherte fremde Informationen zu \u00fcberwachen oder nach Umst\u00e4nden zu forschen, die auf eine rechtswidrige T\u00e4tigkeit hinweisen.<\/p>\n<p>Verpflichtungen zur Entfernung oder Sperrung der Nutzung von Informationen nach den allgemeinen Gesetzen bleiben hiervon unber\u00fchrt. Eine diesbez\u00fcgliche Haftung ist jedoch erst ab dem Zeitpunkt der Kenntnis einer konkreten Rechtsverletzung m\u00f6glich. Bei Bekanntwerden von entsprechenden Rechtsverletzungen werden wir diese Inhalte umgehend entfernen.<\/p>\n<hr class=\" type1\" \/>\n<h3><\/h3>\n<h3><span style=\"color: #2a90b2;\">Haftung f\u00fcr Links<\/span><\/h3>\n<p>Mein Angebot enth\u00e4lt Links zu externen Websites Dritter, auf deren Inhalte ich keinen Einfluss habe.<br \/>\nDeshalb kann ich f\u00fcr diese fremden Inhalte auch keine Gew\u00e4hr \u00fcbernehmen. F\u00fcr die Inhalte der verlinkten Seiten ist stets der jeweilige Anbieter oder Betreiber der Seiten verantwortlich. Die verlinkten Seiten wurden zum Zeitpunkt der Verlinkung auf m\u00f6gliche Rechtsverst\u00f6\u00dfe \u00fcberpr\u00fcft. Rechtswidrige Inhalte waren zum Zeitpunkt der Verlinkung nicht erkennbar. \u00a0Eine permanente inhaltliche Kontrolle der verlinkten Seiten ist jedoch ohne konkrete Anhaltspunkte einer Rechtsverletzung nicht zumutbar. Bei Bekanntwerden von Rechtsverletzungen werden wir derartige Links umgehend entfernen.<\/p>\n<hr class=\" type1\" \/>\n<h3><\/h3>\n<h3><span style=\"color: #2a90b2;\">Urheberrecht<\/span><\/h3>\n<p>Die durch die Seitenbetreiber erstellten Inhalte und Werke auf diesen Seiten unterliegen dem deutschen Urheberrecht. Die Vervielf\u00e4ltigung, Bearbeitung, Verbreitung und jede Art der Verwertung au\u00dferhalb der Grenzen des Urheberrechtes bed\u00fcrfen der schriftlichen Zustimmung des jeweiligen Autors bzw. Erstellers. Downloads und Kopien dieser Seite sind nur f\u00fcr den privaten, nicht kommerziellen Gebrauch gestattet.<\/p>\n<p>Soweit die Inhalte auf dieser Seite nicht vom Betreiber erstellt wurden, werden die Urheberrechte Dritter beachtet. Insbesondere werden Inhalte Dritter als solche gekennzeichnet. Sollten Sie trotzdem auf eine Urheberrechtsverletzung aufmerksam werden, bitte ich um einen entsprechenden Hinweis.<\/p>\n<p>Bei Bekanntwerden von Rechtsverletzungen werde ich derartige Inhalte umgehend entfernen.<\/p>\n<hr class=\" type1\" \/>\n<p>&nbsp;<\/p>\n<p>Quelle: <a href=\"https:\/\/www.e-recht24.de\/impressum-generator.html\" target=\"_blank\" rel=\"noopener\">https:\/\/www.e-recht24.de\/impressum-generator.html<\/a><\/p>\n<p><em>Letzte Aktualisierung: 18. Mai, 2018<\/em>[\/vc_column_text][\/vc_column][\/vc_row]<\/p>\n<\/section>","protected":false},"excerpt":{"rendered":"<p>[vc_row][vc_column][\/vc_column][\/vc_row][vc_row][vc_column][\/vc_column][\/vc_row][vc_row css=&#8220;.vc_custom_1669657974118{margin-top: 4em !important;margin-bottom: 4em !important;}&#8220; responsive_css=&#8220;margin_top_large:4em|margin_bottom_large:4em|margin_top_medium:4em|margin_bottom_medium:4em|margin_top_small:4em|margin_bottom_small:4em&#8220;][vc_column width=&#8220;1\/2&#8243; align=&#8220;text-left&#8220;][vc_column_text css_animation=&#8220;fadeIn&#8220;] Inhaltlich Verantwortlich Angaben gem\u00e4\u00df \u00a7&#8230;<\/p>\n","protected":false},"author":1,"featured_media":0,"parent":0,"menu_order":0,"comment_status":"closed","ping_status":"open","template":"","meta":{"inline_featured_image":false,"footnotes":""},"class_list":["post-258","page","type-page","status-publish","hentry"],"yoast_head":"<!-- This site is optimized with the Yoast SEO plugin v23.8 - https:\/\/yoast.com\/wordpress\/plugins\/seo\/ -->\n<title>Impressum - Psychotherapie Adendorf<\/title>\n<meta name=\"robots\" content=\"index, follow, max-snippet:-1, max-image-preview:large, max-video-preview:-1\" \/>\n<link rel=\"canonical\" href=\"https:\/\/\ufeff\ufeffpsychotherapie-adendorf.de\/?page_id=258\" \/>\n<meta property=\"og:locale\" content=\"de_DE\" \/>\n<meta property=\"og:type\" content=\"article\" \/>\n<meta property=\"og:title\" content=\"Impressum - Psychotherapie Adendorf\" \/>\n<meta property=\"og:description\" content=\"[vc_row][vc_column][\/vc_column][\/vc_row][vc_row][vc_column][\/vc_column][\/vc_row][vc_row css=&#8220;.vc_custom_1669657974118{margin-top: 4em !important;margin-bottom: 4em !important;}&#8220; responsive_css=&#8220;margin_top_large:4em|margin_bottom_large:4em|margin_top_medium:4em|margin_bottom_medium:4em|margin_top_small:4em|margin_bottom_small:4em&#8220;][vc_column width=&#8220;1\/2&#8243; align=&#8220;text-left&#8220;][vc_column_text css_animation=&#8220;fadeIn&#8220;] Inhaltlich Verantwortlich Angaben gem\u00e4\u00df \u00a7...\" \/>\n<meta property=\"og:url\" content=\"https:\/\/\ufeff\ufeffpsychotherapie-adendorf.de\/?page_id=258\" \/>\n<meta property=\"og:site_name\" content=\"Psychotherapie Adendorf\" \/>\n<meta property=\"article:modified_time\" content=\"2022-11-28T17:52:59+00:00\" \/>\n<meta name=\"twitter:card\" content=\"summary_large_image\" \/>\n<meta name=\"twitter:label1\" content=\"Gesch\u00e4tzte Lesezeit\" \/>\n\t<meta name=\"twitter:data1\" content=\"3\u00a0Minuten\" \/>\n<script type=\"application\/ld+json\" class=\"yoast-schema-graph\">{\"@context\":\"https:\/\/schema.org\",\"@graph\":[{\"@type\":\"WebPage\",\"@id\":\"https:\/\/\ufeff\ufeffpsychotherapie-adendorf.de\/?page_id=258\",\"url\":\"https:\/\/\ufeff\ufeffpsychotherapie-adendorf.de\/?page_id=258\",\"name\":\"Impressum - Psychotherapie Adendorf\",\"isPartOf\":{\"@id\":\"https:\/\/\ufeff\ufeffpsychotherapie-adendorf.de\/#website\"},\"datePublished\":\"2022-11-28T17:19:32+00:00\",\"dateModified\":\"2022-11-28T17:52:59+00:00\",\"breadcrumb\":{\"@id\":\"https:\/\/\ufeff\ufeffpsychotherapie-adendorf.de\/?page_id=258#breadcrumb\"},\"inLanguage\":\"de\",\"potentialAction\":[{\"@type\":\"ReadAction\",\"target\":[\"https:\/\/\ufeff\ufeffpsychotherapie-adendorf.de\/?page_id=258\"]}]},{\"@type\":\"BreadcrumbList\",\"@id\":\"https:\/\/\ufeff\ufeffpsychotherapie-adendorf.de\/?page_id=258#breadcrumb\",\"itemListElement\":[{\"@type\":\"ListItem\",\"position\":1,\"name\":\"Startseite\",\"item\":\"https:\/\/\ufeff\ufeffpsychotherapie-adendorf.de\/\"},{\"@type\":\"ListItem\",\"position\":2,\"name\":\"Impressum\"}]},{\"@type\":\"WebSite\",\"@id\":\"https:\/\/\ufeff\ufeffpsychotherapie-adendorf.de\/#website\",\"url\":\"https:\/\/\ufeff\ufeffpsychotherapie-adendorf.de\/\",\"name\":\"Psychotherapie Adendorf\",\"description\":\"\",\"potentialAction\":[{\"@type\":\"SearchAction\",\"target\":{\"@type\":\"EntryPoint\",\"urlTemplate\":\"https:\/\/\ufeff\ufeffpsychotherapie-adendorf.de\/?s={search_term_string}\"},\"query-input\":{\"@type\":\"PropertyValueSpecification\",\"valueRequired\":true,\"valueName\":\"search_term_string\"}}],\"inLanguage\":\"de\"}]}<\/script>\n<!-- \/ Yoast SEO plugin. -->","yoast_head_json":{"title":"Impressum - Psychotherapie Adendorf","robots":{"index":"index","follow":"follow","max-snippet":"max-snippet:-1","max-image-preview":"max-image-preview:large","max-video-preview":"max-video-preview:-1"},"canonical":"https:\/\/\ufeff\ufeffpsychotherapie-adendorf.de\/?page_id=258","og_locale":"de_DE","og_type":"article","og_title":"Impressum - Psychotherapie Adendorf","og_description":"[vc_row][vc_column][\/vc_column][\/vc_row][vc_row][vc_column][\/vc_column][\/vc_row][vc_row css=&#8220;.vc_custom_1669657974118{margin-top: 4em !important;margin-bottom: 4em !important;}&#8220; responsive_css=&#8220;margin_top_large:4em|margin_bottom_large:4em|margin_top_medium:4em|margin_bottom_medium:4em|margin_top_small:4em|margin_bottom_small:4em&#8220;][vc_column width=&#8220;1\/2&#8243; align=&#8220;text-left&#8220;][vc_column_text css_animation=&#8220;fadeIn&#8220;] Inhaltlich Verantwortlich Angaben gem\u00e4\u00df \u00a7...","og_url":"https:\/\/\ufeff\ufeffpsychotherapie-adendorf.de\/?page_id=258","og_site_name":"Psychotherapie Adendorf","article_modified_time":"2022-11-28T17:52:59+00:00","twitter_card":"summary_large_image","twitter_misc":{"Gesch\u00e4tzte Lesezeit":"3\u00a0Minuten"},"schema":{"@context":"https:\/\/schema.org","@graph":[{"@type":"WebPage","@id":"https:\/\/\ufeff\ufeffpsychotherapie-adendorf.de\/?page_id=258","url":"https:\/\/\ufeff\ufeffpsychotherapie-adendorf.de\/?page_id=258","name":"Impressum - Psychotherapie Adendorf","isPartOf":{"@id":"https:\/\/\ufeff\ufeffpsychotherapie-adendorf.de\/#website"},"datePublished":"2022-11-28T17:19:32+00:00","dateModified":"2022-11-28T17:52:59+00:00","breadcrumb":{"@id":"https:\/\/\ufeff\ufeffpsychotherapie-adendorf.de\/?page_id=258#breadcrumb"},"inLanguage":"de","potentialAction":[{"@type":"ReadAction","target":["https:\/\/\ufeff\ufeffpsychotherapie-adendorf.de\/?page_id=258"]}]},{"@type":"BreadcrumbList","@id":"https:\/\/\ufeff\ufeffpsychotherapie-adendorf.de\/?page_id=258#breadcrumb","itemListElement":[{"@type":"ListItem","position":1,"name":"Startseite","item":"https:\/\/\ufeff\ufeffpsychotherapie-adendorf.de\/"},{"@type":"ListItem","position":2,"name":"Impressum"}]},{"@type":"WebSite","@id":"https:\/\/\ufeff\ufeffpsychotherapie-adendorf.de\/#website","url":"https:\/\/\ufeff\ufeffpsychotherapie-adendorf.de\/","name":"Psychotherapie Adendorf","description":"","potentialAction":[{"@type":"SearchAction","target":{"@type":"EntryPoint","urlTemplate":"https:\/\/\ufeff\ufeffpsychotherapie-adendorf.de\/?s={search_term_string}"},"query-input":{"@type":"PropertyValueSpecification","valueRequired":true,"valueName":"search_term_string"}}],"inLanguage":"de"}]}},"_links":{"self":[{"href":"https:\/\/\ufeff\ufeffpsychotherapie-adendorf.de\/index.php?rest_route=\/wp\/v2\/pages\/258","targetHints":{"allow":["GET"]}}],"collection":[{"href":"https:\/\/\ufeff\ufeffpsychotherapie-adendorf.de\/index.php?rest_route=\/wp\/v2\/pages"}],"about":[{"href":"https:\/\/\ufeff\ufeffpsychotherapie-adendorf.de\/index.php?rest_route=\/wp\/v2\/types\/page"}],"author":[{"embeddable":true,"href":"https:\/\/\ufeff\ufeffpsychotherapie-adendorf.de\/index.php?rest_route=\/wp\/v2\/users\/1"}],"replies":[{"embeddable":true,"href":"https:\/\/\ufeff\ufeffpsychotherapie-adendorf.de\/index.php?rest_route=%2Fwp%2Fv2%2Fcomments&post=258"}],"version-history":[{"count":13,"href":"https:\/\/\ufeff\ufeffpsychotherapie-adendorf.de\/index.php?rest_route=\/wp\/v2\/pages\/258\/revisions"}],"predecessor-version":[{"id":271,"href":"https:\/\/\ufeff\ufeffpsychotherapie-adendorf.de\/index.php?rest_route=\/wp\/v2\/pages\/258\/revisions\/271"}],"wp:attachment":[{"href":"https:\/\/\ufeff\ufeffpsychotherapie-adendorf.de\/index.php?rest_route=%2Fwp%2Fv2%2Fmedia&parent=258"}],"curies":[{"name":"wp","href":"https:\/\/api.w.org\/{rel}","templated":true}]}}