{"id":180,"date":"2022-11-25T17:19:30","date_gmt":"2022-11-25T16:19:30","guid":{"rendered":"https:\/\/psychotherapie-adendorf.de\/?page_id=180"},"modified":"2022-11-30T10:07:55","modified_gmt":"2022-11-30T09:07:55","slug":"ablauf-und-kosten","status":"publish","type":"page","link":"https:\/\/\ufeff\ufeffpsychotherapie-adendorf.de\/?page_id=180","title":{"rendered":"Ablauf und Kosten"},"content":{"rendered":"<section class=\"wpb-content-wrapper\"><p>[vc_row][vc_column]<style>.ld_spacer_69e594361cea7{height:4px;}<\/style>\n<div class=\"ld-empty-space ld_spacer_69e594361cea7\"><span class=\"liquid_empty_space_inner\"><\/span><\/div>[\/vc_column][\/vc_row][vc_row][vc_column]\n\t\t\t<!-- START Kosten REVOLUTION SLIDER 6.5.21 --><p class=\"rs-p-wp-fix\"><\/p>\n\t\t\t<rs-module-wrap id=\"rev_slider_5_1_wrapper\" data-source=\"gallery\" style=\"visibility:hidden;background:#c4cdd4;padding:0;margin:0px auto;margin-top:0;margin-bottom:0;\">\n\t\t\t\t<rs-module id=\"rev_slider_5_1\" style=\"\" data-version=\"6.5.21\">\n\t\t\t\t\t<rs-slides>\n\t\t\t\t\t\t<rs-slide style=\"position: absolute;\" data-key=\"rs-6\" data-title=\"Slide\" data-in=\"o:0;\" data-out=\"a:false;\">\n\t\t\t\t\t\t\t<img decoding=\"async\" src=\"\/\/psychotherapie-adendorf.de\/wp-content\/plugins\/revslider\/public\/assets\/assets\/dummy.png\" alt=\"Slide\" title=\"Ablauf und Kosten\" class=\"rev-slidebg tp-rs-img rs-lazyload\" data-lazyload=\"\/\/psychotherapie-adendorf.de\/wp-content\/plugins\/revslider\/public\/assets\/assets\/transparent.png\" data-no-retina>\n<!--\n\t\t\t\t\t\t\t--><rs-layer\n\t\t\t\t\t\t\t\tid=\"slider-5-slide-6-layer-0\" \n\t\t\t\t\t\t\t\tdata-type=\"image\"\n\t\t\t\t\t\t\t\tdata-rsp_ch=\"on\"\n\t\t\t\t\t\t\t\tdata-xy=\"y:-80px;\"\n\t\t\t\t\t\t\t\tdata-text=\"w:normal;\"\n\t\t\t\t\t\t\t\tdata-dim=\"w:1170px;h:485px;\"\n\t\t\t\t\t\t\t\tdata-frame_999=\"o:0;st:w;\"\n\t\t\t\t\t\t\t\tstyle=\"z-index:8;\"\n\t\t\t\t\t\t\t><img loading=\"lazy\" decoding=\"async\" src=\"\/\/psychotherapie-adendorf.de\/wp-content\/plugins\/revslider\/public\/assets\/assets\/dummy.png\" alt=\"\" class=\"tp-rs-img rs-lazyload\" width=\"1170\" height=\"485\" data-lazyload=\"\/\/psychotherapie-adendorf.de\/wp-content\/uploads\/2022\/11\/iStock-97903137.jpg\" data-no-retina> \n\t\t\t\t\t\t\t<\/rs-layer><!--\n\n\t\t\t\t\t\t\t--><rs-layer\n\t\t\t\t\t\t\t\tid=\"slider-5-slide-6-layer-1\" \n\t\t\t\t\t\t\t\tdata-type=\"image\"\n\t\t\t\t\t\t\t\tdata-rsp_ch=\"on\"\n\t\t\t\t\t\t\t\tdata-xy=\"x:45px;y:150px;\"\n\t\t\t\t\t\t\t\tdata-text=\"w:normal;\"\n\t\t\t\t\t\t\t\tdata-dim=\"w:756px;h:206px;\"\n\t\t\t\t\t\t\t\tdata-frame_1=\"e:power4.inOut;st:5;sp:900;\"\n\t\t\t\t\t\t\t\tdata-frame_999=\"o:0;st:w;\"\n\t\t\t\t\t\t\t\tstyle=\"z-index:9;\"\n\t\t\t\t\t\t\t><img loading=\"lazy\" decoding=\"async\" src=\"\/\/psychotherapie-adendorf.de\/wp-content\/plugins\/revslider\/public\/assets\/assets\/dummy.png\" alt=\"\" class=\"tp-rs-img rs-lazyload\" width=\"756\" height=\"206\" data-lazyload=\"\/\/psychotherapie-adendorf.de\/wp-content\/uploads\/2022\/11\/hg_flaeche_weiss_alt.png\" data-no-retina> \n\t\t\t\t\t\t\t<\/rs-layer><!--\n\n\t\t\t\t\t\t\t--><rs-layer\n\t\t\t\t\t\t\t\tid=\"slider-5-slide-6-layer-2\" \n\t\t\t\t\t\t\t\tdata-type=\"image\"\n\t\t\t\t\t\t\t\tdata-rsp_ch=\"on\"\n\t\t\t\t\t\t\t\tdata-xy=\"x:810px;y:150px;\"\n\t\t\t\t\t\t\t\tdata-text=\"w:normal;\"\n\t\t\t\t\t\t\t\tdata-dim=\"w:315px;h:206px;\"\n\t\t\t\t\t\t\t\tdata-frame_1=\"e:power4.inOut;st:5;sp:900;\"\n\t\t\t\t\t\t\t\tdata-frame_999=\"o:0;st:w;\"\n\t\t\t\t\t\t\t\tstyle=\"z-index:10;\"\n\t\t\t\t\t\t\t><img loading=\"lazy\" decoding=\"async\" src=\"\/\/psychotherapie-adendorf.de\/wp-content\/plugins\/revslider\/public\/assets\/assets\/dummy.png\" alt=\"\" class=\"tp-rs-img rs-lazyload\" width=\"315\" height=\"206\" data-lazyload=\"\/\/psychotherapie-adendorf.de\/wp-content\/uploads\/2022\/11\/hg_flaeche_gruen_alt.png\" data-no-retina> \n\t\t\t\t\t\t\t<\/rs-layer><!--\n\n\t\t\t\t\t\t\t--><rs-layer\n\t\t\t\t\t\t\t\tid=\"slider-5-slide-6-layer-3\" \n\t\t\t\t\t\t\t\tdata-type=\"text\"\n\t\t\t\t\t\t\t\tdata-color=\"#95c11f\"\n\t\t\t\t\t\t\t\tdata-rsp_ch=\"on\"\n\t\t\t\t\t\t\t\tdata-xy=\"x:100px;y:250px;\"\n\t\t\t\t\t\t\t\tdata-text=\"w:normal;s:48;fw:300;\"\n\t\t\t\t\t\t\t\tdata-dim=\"w:443px;h:50px;\"\n\t\t\t\t\t\t\t\tdata-frame_999=\"o:0;st:w;\"\n\t\t\t\t\t\t\t\tstyle=\"z-index:11;font-family:'Titillium Web';\"\n\t\t\t\t\t\t\t>ABLAUF & KOSTEN \n\t\t\t\t\t\t\t<\/rs-layer><!--\n\n\t\t\t\t\t\t\t--><rs-layer\n\t\t\t\t\t\t\t\tid=\"slider-5-slide-6-layer-5\" \n\t\t\t\t\t\t\t\tdata-type=\"text\"\n\t\t\t\t\t\t\t\tdata-color=\"#ffffff\"\n\t\t\t\t\t\t\t\tdata-rsp_ch=\"on\"\n\t\t\t\t\t\t\t\tdata-xy=\"x:835px;y:175px;\"\n\t\t\t\t\t\t\t\tdata-text=\"w:normal;s:18;l:28;ls:1px;fw:700;\"\n\t\t\t\t\t\t\t\tdata-frame_999=\"o:0;st:w;\"\n\t\t\t\t\t\t\t\tstyle=\"z-index:12;font-family:'Titillium Web';\"\n\t\t\t\t\t\t\t>KONTAKT \n\t\t\t\t\t\t\t<\/rs-layer><!--\n\n\t\t\t\t\t\t\t--><a\n\t\t\t\t\t\t\t\tid=\"slider-5-slide-6-layer-6\" \n\t\t\t\t\t\t\t\tclass=\"rs-layer\"\n\t\t\t\t\t\t\t\thref=\"mailto:info@psychotherapie-adendorf.de\" target=\"_blank\" rel=\"noopener\"\n\t\t\t\t\t\t\t\tdata-type=\"text\"\n\t\t\t\t\t\t\t\tdata-color=\"#ffffff\"\n\t\t\t\t\t\t\t\tdata-rsp_ch=\"on\"\n\t\t\t\t\t\t\t\tdata-xy=\"x:835px;y:205px;\"\n\t\t\t\t\t\t\t\tdata-text=\"w:normal;s:18;l:28;ls:0px;fw:600;\"\n\t\t\t\t\t\t\t\tdata-dim=\"h:1px;\"\n\t\t\t\t\t\t\t\tdata-frame_999=\"o:0;st:w;\"\n\t\t\t\t\t\t\t\tstyle=\"z-index:13;font-family:'Titillium Web';\"\n\t\t\t\t\t\t\t>MARTIN ADENDORF<br \/>\n<br \/>\nTel.: 01 57 - 87 37 36 21<br \/>\ninfo@psychotherapie-adendorf.de \n\t\t\t\t\t\t\t<\/a><!--\n-->\t\t\t\t\t\t<\/rs-slide>\n\t\t\t\t\t<\/rs-slides>\n\t\t\t\t<\/rs-module>\n\t\t\t\t<script>\n\t\t\t\t\tsetREVStartSize({c: 'rev_slider_5_1',rl:[1240,1024,778,480],el:[400],gw:[1170],gh:[400],type:'standard',justify:'',layout:'fullwidth',mh:\"0\"});if (window.RS_MODULES!==undefined && window.RS_MODULES.modules!==undefined && window.RS_MODULES.modules[\"revslider51\"]!==undefined) {window.RS_MODULES.modules[\"revslider51\"].once = false;window.revapi5 = undefined;if (window.RS_MODULES.checkMinimal!==undefined) window.RS_MODULES.checkMinimal()}\n\t\t\t\t<\/script>\n\t\t\t<\/rs-module-wrap>\n\t\t\t<!-- END REVOLUTION SLIDER -->\n[\/vc_column][\/vc_row][vc_row][vc_column]<style>.ld_spacer_69e594362aa8b{height:4px;}<\/style>\n<div class=\"ld-empty-space ld_spacer_69e594362aa8b\"><span class=\"liquid_empty_space_inner\"><\/span><\/div>[\/vc_column][\/vc_row][vc_row css=&#8220;.vc_custom_1669798726571{margin-top: 4em !important;}&#8220;][vc_column][vc_separator color=&#8220;custom&#8220; accent_color=&#8220;#808291&#8243;][\/vc_column][\/vc_row][vc_row][vc_column width=&#8220;3\/4&#8243; css=&#8220;.vc_custom_1669799117057{margin-top: 1em !important;margin-bottom: 4em !important;}&#8220; responsive_css=&#8220;margin_top_large:1em|margin_top_medium:1em|margin_top_small:1em&#8220;][vc_column_text css_animation=&#8220;fadeIn&#8220;]<\/p>\n<h3><span style=\"color: #2a90b2;\">Weg in die Behandlung und Behandlungsablauf<\/span><\/h3>\n<p>F\u00fcr die Kontaktaufnahme mit einer psychotherapeutischen Praxis sowie die Kl\u00e4rung oder den Beginn einer notwendigen psychotherapeutischen Behandlung ben\u00f6tigen Sie\/Ihr Kind keine \u00e4rztliche Empfehlung oder \u00dcberweisung.<\/p>\n<p>Im Kontakt mit Ihnen \u2013 telefonisch oder via Mail \u2013 kann ich aufgrund Ihrer beschriebenen Symptome entscheiden ob die Vereinbarung eines Erstgespr\u00e4chs in meiner Praxis sinnvoll ist.[\/vc_column_text][vc_separator color=&#8220;custom&#8220; accent_color=&#8220;#808291&#8243; css=&#8220;.vc_custom_1669747222929{margin-top: 1em !important;}&#8220;][vc_column_text css_animation=&#8220;fadeIn&#8220;]<\/p>\n<h3><span style=\"color: #2a90b2;\">Sprechstunden und Probatorische Sitzungen <\/span><\/h3>\n<p>Im Erstgespr\u00e4ch sowie m\u00f6glichen nachfolgenden Sitzungen k\u00f6nnen wir parallel zur diagnostischen Abkl\u00e4rung herausfinden, ob eine Psychotherapie indiziert ist, und ob wir uns einen gemeinsamen Therapieprozess, eine gemeinsame therapeutische Zusammenarbeit vorstellen k\u00f6nnen.<\/p>\n<p>Die gesetzlichen Krankenkassen \u00fcbernehmen hierf\u00fcr die Kosten f\u00fcr 5 Sprechstunden und 6 probatorische Sitzungen &#8211; die Beihilfe sowie die privaten Versicherungen in der Regel 5 probatorische Sitzungen.<\/p>\n<p>Diese ersten Sitzungen k\u00f6nnen Sie parallel in verschiedenen psychotherapeutischen Praxen durchf\u00fchren, um eine gut Passung f\u00fcr sich\/f\u00fcr Ihr Kind zu finden.<\/p>\n<p>Die Sitzungsdauer betr\u00e4gt jeweils 50 Minuten.[\/vc_column_text][vc_separator color=&#8220;custom&#8220; accent_color=&#8220;#808291&#8243; css=&#8220;.vc_custom_1669745889769{margin-top: 2em !important;}&#8220;][vc_column_text css_animation=&#8220;fadeIn&#8220;]<\/p>\n<h3><span style=\"color: #2a90b2;\">Beantragung einer Psychotherapie beim Kostentr\u00e4ger<\/span><\/h3>\n<p>Sollte ich bei Ihnen\/Ihrem Kind eine behandlungsbed\u00fcrftige Diagnose stellen, und wir uns eine gemeinsame Zusammenarbeit vorstellen k\u00f6nnen, werde ich f\u00fcr Sie\/f\u00fcr Ihr Kind einen Antrag beim jeweiligen Kostentr\u00e4ger (Krankenkasse, Private Krankenversicherung und\/oder Beihilfe) stellen.<br \/>\nDie notwendigen Antragsformulare f\u00fcr die privaten Kostentr\u00e4ger werden dabei von Ihnen bei den entsprechenden Stellen angefordert.<\/p>\n<p>Der Antrag wird durch einen Konsiliarbericht vom Hausarzt oder Kinderarzt erg\u00e4nzt. In diesem wird bescheinigt, dass bei Ihnen\/Ihrem Kind keine k\u00f6rperlichen Erkrankungen vorliegen, die gegen den Beginn einer Psychotherapie sprechen. Den Vordruck hierf\u00fcr erhalten Sie zum gegebenen Zeitpunkt von mir oder zusammen mit den Antragsunterlagen Ihrer Privatversicherung\/Ihrer Beihilfestelle.[\/vc_column_text][vc_separator color=&#8220;custom&#8220; accent_color=&#8220;#808291&#8243; css=&#8220;.vc_custom_1669745889769{margin-top: 2em !important;}&#8220;][vc_column_text css_animation=&#8220;fadeIn&#8220;]<\/p>\n<h3><span style=\"color: #2a90b2;\">Behandlungsbeginn und -Dauer<\/span><\/h3>\n<p>Sobald Ihr Kostentr\u00e4ger den Therapieantrag bewilligt hat, kann die Psychotherapie beginnen.<\/p>\n<p>Die einzelnen Sitzungen dauern jeweils 50 Minuten und finden \u2013 abh\u00e4ngig von Dynamik und Intensit\u00e4t der Symptome sowie Ihrer jeweiligen Lebenssituation\/der Lebenssituation Ihres Kindes \u2013 ein- bis zweimal pro Woche statt.<\/p>\n<p>Um einen reibungslosen Ablauf, den Schutz der Patient*innen und deren Familien sowie kurze Pausen f\u00fcr mich zwischen den Behandlungsterminen gew\u00e4hrleisten zu k\u00f6nnen, erfolgt der Einlass in die Praxis sowie der Beginn der Sitzungen stets zur vollen Stunde.[\/vc_column_text][vc_separator color=&#8220;custom&#8220; accent_color=&#8220;#808291&#8243; css=&#8220;.vc_custom_1669745889769{margin-top: 2em !important;}&#8220;][vc_column_text css_animation=&#8220;fadeIn&#8220;]<\/p>\n<h3><span style=\"color: #2a90b2;\">Vorzeitige Beendigung einer laufenden Psychotherapie<\/span><\/h3>\n<p>Eine von den Kostentr\u00e4gern bewilligte Psychotherapie kann jederzeit von Ihnen oder auch von mir beendet werden. Ab der ausgesprochenen K\u00fcndigung sollten drei letzte Sitzungstermine stattfinden. Diese Sitzungen dienen der Verabschiedung und L\u00f6sung aus der therapeutischen Beziehung.[\/vc_column_text][vc_separator color=&#8220;custom&#8220; accent_color=&#8220;#808291&#8243; css=&#8220;.vc_custom_1669745889769{margin-top: 2em !important;}&#8220;][vc_column_text css_animation=&#8220;fadeIn&#8220;]<\/p>\n<h3><span style=\"color: #2a90b2;\">Kosten<\/span><\/h3>\n<p>Die Kostentr\u00e4ger (gesetzliche Krankenkassen, privaten Krankenversicherungen und Beihilfestellen) \u00fcbernehmen die Kosten f\u00fcr die Behandlung durch eine(n) Kinder- und Jugendpsychotherapeut*in, insofern der Therapieantrag vor Vollendung des 21. Lebensjahres der Patientin\/des Patienten bewilligt wird. Je nach Tarif \u00fcbernehmen die Privatversicherung und die Beihilfe die Kosten f\u00fcr psychotherapeutische Leistungen im vollen Umfang oder auch nur anteilig. Bitte fordern Sie daher die Antragsunterlagen f\u00fcr eine Kosten\u00fcbernahme noch w\u00e4hrend der Phase der probatorischen Sitzungen an, damit Sie \u2013 ggf. mit meiner Unterst\u00fctzung \u2013 die Modalit\u00e4ten f\u00fcr die Erstattung der Kosten pr\u00fcfen k\u00f6nnen.[\/vc_column_text][vc_separator color=&#8220;custom&#8220; accent_color=&#8220;#808291&#8243; css=&#8220;.vc_custom_1669745889769{margin-top: 2em !important;}&#8220;][vc_column_text css_animation=&#8220;fadeIn&#8220;]<\/p>\n<h3><span style=\"color: #2a90b2;\">Selbstzahler*innen<\/span><\/h3>\n<p>Die Kosten f\u00fcr therapeutische Sitzungen f\u00fcr Kinder, Jugendliche und Erwachsene ohne Alterseinschr\u00e4nkungen berechne ich nach der aktuellen Geb\u00fchrenordnung f\u00fcr Psychotherapeuten (GOP).[\/vc_column_text][vc_separator color=&#8220;custom&#8220; accent_color=&#8220;#808291&#8243; css=&#8220;.vc_custom_1669745889769{margin-top: 2em !important;}&#8220;][vc_column_text css_animation=&#8220;fadeIn&#8220;]<\/p>\n<h3><span style=\"color: #2a90b2;\">Ausfallhonorar<\/span><\/h3>\n<p>Bei kurzfristigen Absagen Ihrerseits muss ich Ihnen die Kosten f\u00fcr die gebuchte Sitzung \u2013 unabh\u00e4ngig vom jeweiligen Hintergrund \u2013 privat in Rechnung stellen, wenn die Absage nicht 48 Stunden vor Beginn des vereinbarten Termins erfolgt.[\/vc_column_text][vc_separator color=&#8220;custom&#8220; accent_color=&#8220;#808291&#8243; css=&#8220;.vc_custom_1669745889769{margin-top: 2em !important;}&#8220;][\/vc_column][vc_column width=&#8220;1\/4&#8243; responsive_css=&#8220;margin_top_large:1em|margin_top_medium:1em|margin_top_small:1em&#8220; css=&#8220;.vc_custom_1669799132460{margin-top: 1em !important;}&#8220;][\/vc_column][\/vc_row]<\/p>\n<\/section>","protected":false},"excerpt":{"rendered":"<p>[vc_row][vc_column][\/vc_column][\/vc_row][vc_row][vc_column][\/vc_column][\/vc_row][vc_row][vc_column][\/vc_column][\/vc_row][vc_row css=&#8220;.vc_custom_1669798726571{margin-top: 4em !important;}&#8220;][vc_column][vc_separator color=&#8220;custom&#8220; accent_color=&#8220;#808291&#8243;][\/vc_column][\/vc_row][vc_row][vc_column width=&#8220;3\/4&#8243; css=&#8220;.vc_custom_1669799117057{margin-top: 1em !important;margin-bottom: 4em !important;}&#8220; responsive_css=&#8220;margin_top_large:1em|margin_top_medium:1em|margin_top_small:1em&#8220;][vc_column_text css_animation=&#8220;fadeIn&#8220;] Weg&#8230;<\/p>\n","protected":false},"author":1,"featured_media":0,"parent":0,"menu_order":0,"comment_status":"closed","ping_status":"closed","template":"","meta":{"inline_featured_image":false,"footnotes":""},"class_list":["post-180","page","type-page","status-publish","hentry"],"yoast_head":"<!-- This site is optimized with the Yoast SEO plugin v23.8 - https:\/\/yoast.com\/wordpress\/plugins\/seo\/ -->\n<title>Ablauf und Kosten - Psychotherapie Adendorf<\/title>\n<meta name=\"robots\" content=\"index, follow, max-snippet:-1, max-image-preview:large, max-video-preview:-1\" \/>\n<link rel=\"canonical\" href=\"https:\/\/\ufeff\ufeffpsychotherapie-adendorf.de\/?page_id=180\" \/>\n<meta property=\"og:locale\" content=\"de_DE\" \/>\n<meta property=\"og:type\" content=\"article\" \/>\n<meta property=\"og:title\" content=\"Ablauf und Kosten - Psychotherapie Adendorf\" \/>\n<meta property=\"og:description\" content=\"[vc_row][vc_column][\/vc_column][\/vc_row][vc_row][vc_column][\/vc_column][\/vc_row][vc_row][vc_column][\/vc_column][\/vc_row][vc_row css=&#8220;.vc_custom_1669798726571{margin-top: 4em !important;}&#8220;][vc_column][vc_separator color=&#8220;custom&#8220; accent_color=&#8220;#808291&#8243;][\/vc_column][\/vc_row][vc_row][vc_column width=&#8220;3\/4&#8243; css=&#8220;.vc_custom_1669799117057{margin-top: 1em !important;margin-bottom: 4em !important;}&#8220; responsive_css=&#8220;margin_top_large:1em|margin_top_medium:1em|margin_top_small:1em&#8220;][vc_column_text css_animation=&#8220;fadeIn&#8220;] Weg...\" \/>\n<meta property=\"og:url\" content=\"https:\/\/\ufeff\ufeffpsychotherapie-adendorf.de\/?page_id=180\" \/>\n<meta property=\"og:site_name\" content=\"Psychotherapie Adendorf\" \/>\n<meta property=\"article:modified_time\" content=\"2022-11-30T09:07:55+00:00\" \/>\n<meta name=\"twitter:card\" content=\"summary_large_image\" \/>\n<meta name=\"twitter:label1\" content=\"Gesch\u00e4tzte Lesezeit\" \/>\n\t<meta name=\"twitter:data1\" content=\"4\u00a0Minuten\" \/>\n<script type=\"application\/ld+json\" class=\"yoast-schema-graph\">{\"@context\":\"https:\/\/schema.org\",\"@graph\":[{\"@type\":\"WebPage\",\"@id\":\"https:\/\/\ufeff\ufeffpsychotherapie-adendorf.de\/?page_id=180\",\"url\":\"https:\/\/\ufeff\ufeffpsychotherapie-adendorf.de\/?page_id=180\",\"name\":\"Ablauf und Kosten - Psychotherapie Adendorf\",\"isPartOf\":{\"@id\":\"https:\/\/\ufeff\ufeffpsychotherapie-adendorf.de\/#website\"},\"datePublished\":\"2022-11-25T16:19:30+00:00\",\"dateModified\":\"2022-11-30T09:07:55+00:00\",\"breadcrumb\":{\"@id\":\"https:\/\/\ufeff\ufeffpsychotherapie-adendorf.de\/?page_id=180#breadcrumb\"},\"inLanguage\":\"de\",\"potentialAction\":[{\"@type\":\"ReadAction\",\"target\":[\"https:\/\/\ufeff\ufeffpsychotherapie-adendorf.de\/?page_id=180\"]}]},{\"@type\":\"BreadcrumbList\",\"@id\":\"https:\/\/\ufeff\ufeffpsychotherapie-adendorf.de\/?page_id=180#breadcrumb\",\"itemListElement\":[{\"@type\":\"ListItem\",\"position\":1,\"name\":\"Startseite\",\"item\":\"https:\/\/\ufeff\ufeffpsychotherapie-adendorf.de\/\"},{\"@type\":\"ListItem\",\"position\":2,\"name\":\"Ablauf und Kosten\"}]},{\"@type\":\"WebSite\",\"@id\":\"https:\/\/\ufeff\ufeffpsychotherapie-adendorf.de\/#website\",\"url\":\"https:\/\/\ufeff\ufeffpsychotherapie-adendorf.de\/\",\"name\":\"Psychotherapie Adendorf\",\"description\":\"\",\"potentialAction\":[{\"@type\":\"SearchAction\",\"target\":{\"@type\":\"EntryPoint\",\"urlTemplate\":\"https:\/\/\ufeff\ufeffpsychotherapie-adendorf.de\/?s={search_term_string}\"},\"query-input\":{\"@type\":\"PropertyValueSpecification\",\"valueRequired\":true,\"valueName\":\"search_term_string\"}}],\"inLanguage\":\"de\"}]}<\/script>\n<!-- \/ Yoast SEO plugin. -->","yoast_head_json":{"title":"Ablauf und Kosten - Psychotherapie Adendorf","robots":{"index":"index","follow":"follow","max-snippet":"max-snippet:-1","max-image-preview":"max-image-preview:large","max-video-preview":"max-video-preview:-1"},"canonical":"https:\/\/\ufeff\ufeffpsychotherapie-adendorf.de\/?page_id=180","og_locale":"de_DE","og_type":"article","og_title":"Ablauf und Kosten - Psychotherapie Adendorf","og_description":"[vc_row][vc_column][\/vc_column][\/vc_row][vc_row][vc_column][\/vc_column][\/vc_row][vc_row][vc_column][\/vc_column][\/vc_row][vc_row css=&#8220;.vc_custom_1669798726571{margin-top: 4em !important;}&#8220;][vc_column][vc_separator color=&#8220;custom&#8220; accent_color=&#8220;#808291&#8243;][\/vc_column][\/vc_row][vc_row][vc_column width=&#8220;3\/4&#8243; css=&#8220;.vc_custom_1669799117057{margin-top: 1em !important;margin-bottom: 4em !important;}&#8220; responsive_css=&#8220;margin_top_large:1em|margin_top_medium:1em|margin_top_small:1em&#8220;][vc_column_text css_animation=&#8220;fadeIn&#8220;] Weg...","og_url":"https:\/\/\ufeff\ufeffpsychotherapie-adendorf.de\/?page_id=180","og_site_name":"Psychotherapie Adendorf","article_modified_time":"2022-11-30T09:07:55+00:00","twitter_card":"summary_large_image","twitter_misc":{"Gesch\u00e4tzte Lesezeit":"4\u00a0Minuten"},"schema":{"@context":"https:\/\/schema.org","@graph":[{"@type":"WebPage","@id":"https:\/\/\ufeff\ufeffpsychotherapie-adendorf.de\/?page_id=180","url":"https:\/\/\ufeff\ufeffpsychotherapie-adendorf.de\/?page_id=180","name":"Ablauf und Kosten - Psychotherapie Adendorf","isPartOf":{"@id":"https:\/\/\ufeff\ufeffpsychotherapie-adendorf.de\/#website"},"datePublished":"2022-11-25T16:19:30+00:00","dateModified":"2022-11-30T09:07:55+00:00","breadcrumb":{"@id":"https:\/\/\ufeff\ufeffpsychotherapie-adendorf.de\/?page_id=180#breadcrumb"},"inLanguage":"de","potentialAction":[{"@type":"ReadAction","target":["https:\/\/\ufeff\ufeffpsychotherapie-adendorf.de\/?page_id=180"]}]},{"@type":"BreadcrumbList","@id":"https:\/\/\ufeff\ufeffpsychotherapie-adendorf.de\/?page_id=180#breadcrumb","itemListElement":[{"@type":"ListItem","position":1,"name":"Startseite","item":"https:\/\/\ufeff\ufeffpsychotherapie-adendorf.de\/"},{"@type":"ListItem","position":2,"name":"Ablauf und Kosten"}]},{"@type":"WebSite","@id":"https:\/\/\ufeff\ufeffpsychotherapie-adendorf.de\/#website","url":"https:\/\/\ufeff\ufeffpsychotherapie-adendorf.de\/","name":"Psychotherapie Adendorf","description":"","potentialAction":[{"@type":"SearchAction","target":{"@type":"EntryPoint","urlTemplate":"https:\/\/\ufeff\ufeffpsychotherapie-adendorf.de\/?s={search_term_string}"},"query-input":{"@type":"PropertyValueSpecification","valueRequired":true,"valueName":"search_term_string"}}],"inLanguage":"de"}]}},"_links":{"self":[{"href":"https:\/\/\ufeff\ufeffpsychotherapie-adendorf.de\/index.php?rest_route=\/wp\/v2\/pages\/180","targetHints":{"allow":["GET"]}}],"collection":[{"href":"https:\/\/\ufeff\ufeffpsychotherapie-adendorf.de\/index.php?rest_route=\/wp\/v2\/pages"}],"about":[{"href":"https:\/\/\ufeff\ufeffpsychotherapie-adendorf.de\/index.php?rest_route=\/wp\/v2\/types\/page"}],"author":[{"embeddable":true,"href":"https:\/\/\ufeff\ufeffpsychotherapie-adendorf.de\/index.php?rest_route=\/wp\/v2\/users\/1"}],"replies":[{"embeddable":true,"href":"https:\/\/\ufeff\ufeffpsychotherapie-adendorf.de\/index.php?rest_route=%2Fwp%2Fv2%2Fcomments&post=180"}],"version-history":[{"count":25,"href":"https:\/\/\ufeff\ufeffpsychotherapie-adendorf.de\/index.php?rest_route=\/wp\/v2\/pages\/180\/revisions"}],"predecessor-version":[{"id":319,"href":"https:\/\/\ufeff\ufeffpsychotherapie-adendorf.de\/index.php?rest_route=\/wp\/v2\/pages\/180\/revisions\/319"}],"wp:attachment":[{"href":"https:\/\/\ufeff\ufeffpsychotherapie-adendorf.de\/index.php?rest_route=%2Fwp%2Fv2%2Fmedia&parent=180"}],"curies":[{"name":"wp","href":"https:\/\/api.w.org\/{rel}","templated":true}]}}