{"id":178,"date":"2022-11-25T17:18:08","date_gmt":"2022-11-25T16:18:08","guid":{"rendered":"https:\/\/psychotherapie-adendorf.de\/?page_id=178"},"modified":"2022-11-30T12:19:14","modified_gmt":"2022-11-30T11:19:14","slug":"meine-angebote","status":"publish","type":"page","link":"https:\/\/\ufeff\ufeffpsychotherapie-adendorf.de\/?page_id=178","title":{"rendered":"Meine Angebote"},"content":{"rendered":"<section class=\"wpb-content-wrapper\"><p>[vc_row][vc_column]<style>.ld_spacer_69e5938650eef{height:4px;}<\/style>\n<div class=\"ld-empty-space ld_spacer_69e5938650eef\"><span class=\"liquid_empty_space_inner\"><\/span><\/div>[\/vc_column][\/vc_row][vc_row][vc_column]\n\t\t\t<!-- START Angebote REVOLUTION SLIDER 6.5.21 --><p class=\"rs-p-wp-fix\"><\/p>\n\t\t\t<rs-module-wrap id=\"rev_slider_4_1_wrapper\" data-source=\"gallery\" style=\"visibility:hidden;background:#c4cdd4;padding:0;margin:0px auto;margin-top:0;margin-bottom:0;\">\n\t\t\t\t<rs-module id=\"rev_slider_4_1\" style=\"\" data-version=\"6.5.21\">\n\t\t\t\t\t<rs-slides>\n\t\t\t\t\t\t<rs-slide style=\"position: absolute;\" data-key=\"rs-5\" data-title=\"Slide\" data-in=\"o:0;\" data-out=\"a:false;\">\n\t\t\t\t\t\t\t<img decoding=\"async\" src=\"\/\/psychotherapie-adendorf.de\/wp-content\/plugins\/revslider\/public\/assets\/assets\/dummy.png\" alt=\"Slide\" title=\"Meine Angebote\" class=\"rev-slidebg tp-rs-img rs-lazyload\" data-lazyload=\"\/\/psychotherapie-adendorf.de\/wp-content\/plugins\/revslider\/public\/assets\/assets\/transparent.png\" data-no-retina>\n<!--\n\t\t\t\t\t\t\t--><rs-layer\n\t\t\t\t\t\t\t\tid=\"slider-4-slide-5-layer-0\" \n\t\t\t\t\t\t\t\tdata-type=\"image\"\n\t\t\t\t\t\t\t\tdata-rsp_ch=\"on\"\n\t\t\t\t\t\t\t\tdata-xy=\"y:-80px;\"\n\t\t\t\t\t\t\t\tdata-text=\"w:normal;\"\n\t\t\t\t\t\t\t\tdata-dim=\"w:1170px;h:483px;\"\n\t\t\t\t\t\t\t\tdata-frame_999=\"o:0;st:w;\"\n\t\t\t\t\t\t\t\tstyle=\"z-index:5;\"\n\t\t\t\t\t\t\t><img loading=\"lazy\" decoding=\"async\" src=\"\/\/psychotherapie-adendorf.de\/wp-content\/plugins\/revslider\/public\/assets\/assets\/dummy.png\" alt=\"\" class=\"tp-rs-img rs-lazyload\" width=\"1170\" height=\"483\" data-lazyload=\"\/\/psychotherapie-adendorf.de\/wp-content\/uploads\/2022\/11\/MG_0516.jpg\" data-no-retina> \n\t\t\t\t\t\t\t<\/rs-layer><!--\n\n\t\t\t\t\t\t\t--><rs-layer\n\t\t\t\t\t\t\t\tid=\"slider-4-slide-5-layer-1\" \n\t\t\t\t\t\t\t\tdata-type=\"image\"\n\t\t\t\t\t\t\t\tdata-rsp_ch=\"on\"\n\t\t\t\t\t\t\t\tdata-xy=\"x:45px;y:150px;\"\n\t\t\t\t\t\t\t\tdata-text=\"w:normal;\"\n\t\t\t\t\t\t\t\tdata-dim=\"w:756px;h:206px;\"\n\t\t\t\t\t\t\t\tdata-frame_1=\"e:power4.inOut;st:5;sp:900;\"\n\t\t\t\t\t\t\t\tdata-frame_999=\"o:0;st:w;\"\n\t\t\t\t\t\t\t\tstyle=\"z-index:6;\"\n\t\t\t\t\t\t\t><img loading=\"lazy\" decoding=\"async\" src=\"\/\/psychotherapie-adendorf.de\/wp-content\/plugins\/revslider\/public\/assets\/assets\/dummy.png\" alt=\"\" class=\"tp-rs-img rs-lazyload\" width=\"756\" height=\"206\" data-lazyload=\"\/\/psychotherapie-adendorf.de\/wp-content\/uploads\/2022\/11\/hg_flaeche_weiss_alt.png\" data-no-retina> \n\t\t\t\t\t\t\t<\/rs-layer><!--\n\n\t\t\t\t\t\t\t--><rs-layer\n\t\t\t\t\t\t\t\tid=\"slider-4-slide-5-layer-2\" \n\t\t\t\t\t\t\t\tdata-type=\"image\"\n\t\t\t\t\t\t\t\tdata-rsp_ch=\"on\"\n\t\t\t\t\t\t\t\tdata-xy=\"x:810px;y:150px;\"\n\t\t\t\t\t\t\t\tdata-text=\"w:normal;\"\n\t\t\t\t\t\t\t\tdata-dim=\"w:315px;h:206px;\"\n\t\t\t\t\t\t\t\tdata-frame_1=\"e:power4.inOut;st:5;sp:900;\"\n\t\t\t\t\t\t\t\tdata-frame_999=\"o:0;st:w;\"\n\t\t\t\t\t\t\t\tstyle=\"z-index:7;\"\n\t\t\t\t\t\t\t><img loading=\"lazy\" decoding=\"async\" src=\"\/\/psychotherapie-adendorf.de\/wp-content\/plugins\/revslider\/public\/assets\/assets\/dummy.png\" alt=\"\" class=\"tp-rs-img rs-lazyload\" width=\"315\" height=\"206\" data-lazyload=\"\/\/psychotherapie-adendorf.de\/wp-content\/uploads\/2022\/11\/hg_flaeche_gruen_alt.png\" data-no-retina> \n\t\t\t\t\t\t\t<\/rs-layer><!--\n\n\t\t\t\t\t\t\t--><rs-layer\n\t\t\t\t\t\t\t\tid=\"slider-4-slide-5-layer-3\" \n\t\t\t\t\t\t\t\tdata-type=\"text\"\n\t\t\t\t\t\t\t\tdata-color=\"#95c11f\"\n\t\t\t\t\t\t\t\tdata-rsp_ch=\"on\"\n\t\t\t\t\t\t\t\tdata-xy=\"x:100px;y:250px;\"\n\t\t\t\t\t\t\t\tdata-text=\"w:normal;s:48;fw:300;\"\n\t\t\t\t\t\t\t\tdata-dim=\"w:443px;h:50px;\"\n\t\t\t\t\t\t\t\tdata-frame_999=\"o:0;st:w;\"\n\t\t\t\t\t\t\t\tstyle=\"z-index:8;font-family:'Titillium Web';\"\n\t\t\t\t\t\t\t>THERAPIEANGEBOTE \n\t\t\t\t\t\t\t<\/rs-layer><!--\n\n\t\t\t\t\t\t\t--><rs-layer\n\t\t\t\t\t\t\t\tid=\"slider-4-slide-5-layer-5\" \n\t\t\t\t\t\t\t\tdata-type=\"text\"\n\t\t\t\t\t\t\t\tdata-color=\"#ffffff\"\n\t\t\t\t\t\t\t\tdata-rsp_ch=\"on\"\n\t\t\t\t\t\t\t\tdata-xy=\"x:835px;y:175px;\"\n\t\t\t\t\t\t\t\tdata-text=\"w:normal;s:18;l:28;ls:1px;fw:700;\"\n\t\t\t\t\t\t\t\tdata-frame_999=\"o:0;st:w;\"\n\t\t\t\t\t\t\t\tstyle=\"z-index:10;font-family:'Titillium Web';\"\n\t\t\t\t\t\t\t>KONTAKT \n\t\t\t\t\t\t\t<\/rs-layer><!--\n\n\t\t\t\t\t\t\t--><a\n\t\t\t\t\t\t\t\tid=\"slider-4-slide-5-layer-6\" \n\t\t\t\t\t\t\t\tclass=\"rs-layer\"\n\t\t\t\t\t\t\t\thref=\"mailto:info@psychotherapie-adendorf.de\" target=\"_blank\" rel=\"noopener\"\n\t\t\t\t\t\t\t\tdata-type=\"text\"\n\t\t\t\t\t\t\t\tdata-color=\"#ffffff\"\n\t\t\t\t\t\t\t\tdata-rsp_ch=\"on\"\n\t\t\t\t\t\t\t\tdata-xy=\"x:835px;y:205px;\"\n\t\t\t\t\t\t\t\tdata-text=\"w:normal;s:18;l:28;ls:0px;fw:600;\"\n\t\t\t\t\t\t\t\tdata-dim=\"h:1px;\"\n\t\t\t\t\t\t\t\tdata-frame_999=\"o:0;st:w;\"\n\t\t\t\t\t\t\t\tstyle=\"z-index:11;font-family:'Titillium Web';\"\n\t\t\t\t\t\t\t>MARTIN ADENDORF<br \/>\n<br \/>\nTel.: 01 57 - 87 37 36 21<br \/>\ninfo@psychotherapie-adendorf.de \n\t\t\t\t\t\t\t<\/a><!--\n-->\t\t\t\t\t\t<\/rs-slide>\n\t\t\t\t\t<\/rs-slides>\n\t\t\t\t<\/rs-module>\n\t\t\t\t<script>\n\t\t\t\t\tsetREVStartSize({c: 'rev_slider_4_1',rl:[1240,1024,778,480],el:[400],gw:[1170],gh:[400],type:'standard',justify:'',layout:'fullwidth',mh:\"0\"});if (window.RS_MODULES!==undefined && window.RS_MODULES.modules!==undefined && window.RS_MODULES.modules[\"revslider41\"]!==undefined) {window.RS_MODULES.modules[\"revslider41\"].once = false;window.revapi4 = undefined;if (window.RS_MODULES.checkMinimal!==undefined) window.RS_MODULES.checkMinimal()}\n\t\t\t\t<\/script>\n\t\t\t<\/rs-module-wrap>\n\t\t\t<!-- END REVOLUTION SLIDER -->\n[\/vc_column][\/vc_row][vc_row gap=&#8220;0&#8243; responsive_css=&#8220;margin_top_large:1em|margin_top_medium:1em|margin_top_small:1em&#8220; css=&#8220;.vc_custom_1669806767928{margin-top: 1em !important;}&#8220;][vc_column width=&#8220;1\/2&#8243; css=&#8220;.vc_custom_1669806827583{margin-right: 0.5em !important;}&#8220; responsive_css=&#8220;margin_right_large:0.5em|margin_right_medium:0.5em|margin_right_small:0.5em&#8220;]<div id=\"ld_team_member_69e593865902e\" class=\"ld-tm pos-rel ld_team_member_69e593865902e\">\n\n\t<figure class=\"ld-tm-img-hover ld-overlay\"><img loading=\"lazy\" decoding=\"async\" width=\"2375\" height=\"834\" src=\"data:image\/svg+xml;charset=utf-8,&lt;svg xmlns%3D&#039;http%3A%2F%2Fwww.w3.org%2F2000%2Fsvg&#039; viewBox%3D&#039;0 0  &#039;%2F&gt;\" class=\" ld-lazyload\" alt=\"\" srcset=\"\" sizes=\"auto, (max-width: 2375px) 100vw, 2375px\" data-src=\"https:\/\/psychotherapie-adendorf.de\/wp-content\/uploads\/2022\/11\/570x200px_grau_1_Zeichenflaeche-1_Zeichenflaeche-1.jpg\" data-srcset=\"https:\/\/psychotherapie-adendorf.de\/wp-content\/uploads\/2022\/11\/570x200px_grau_1_Zeichenflaeche-1_Zeichenflaeche-1.jpg 2375w, https:\/\/psychotherapie-adendorf.de\/wp-content\/uploads\/2022\/11\/570x200px_grau_1_Zeichenflaeche-1_Zeichenflaeche-1-300x105.jpg 300w, https:\/\/psychotherapie-adendorf.de\/wp-content\/uploads\/2022\/11\/570x200px_grau_1_Zeichenflaeche-1_Zeichenflaeche-1-1024x360.jpg 1024w\" data-aspect=\"\" \/><\/figure><div class=\"ld-tm-img\"><figure><img loading=\"lazy\" decoding=\"async\" width=\"2375\" height=\"834\" src=\"data:image\/svg+xml;charset=utf-8,&lt;svg xmlns%3D&#039;http%3A%2F%2Fwww.w3.org%2F2000%2Fsvg&#039; viewBox%3D&#039;0 0  &#039;%2F&gt;\" class=\" ld-lazyload\" alt=\"\" srcset=\"\" sizes=\"auto, (max-width: 2375px) 100vw, 2375px\" data-src=\"https:\/\/psychotherapie-adendorf.de\/wp-content\/uploads\/2022\/11\/570x200px_gruen_Zeichenflaeche-1_Zeichenflaeche-1.jpg\" data-srcset=\"https:\/\/psychotherapie-adendorf.de\/wp-content\/uploads\/2022\/11\/570x200px_gruen_Zeichenflaeche-1_Zeichenflaeche-1.jpg 2375w, https:\/\/psychotherapie-adendorf.de\/wp-content\/uploads\/2022\/11\/570x200px_gruen_Zeichenflaeche-1_Zeichenflaeche-1-300x105.jpg 300w, https:\/\/psychotherapie-adendorf.de\/wp-content\/uploads\/2022\/11\/570x200px_gruen_Zeichenflaeche-1_Zeichenflaeche-1-1024x360.jpg 1024w\" data-aspect=\"\" \/><\/figure><\/div>\t\n\t\n\t<a href=\"https:\/\/kjp-koeln-adendorf.de\/?page_id=258\" title=\"Impressum\" class=\"liquid-overlay-link z-index-2\"><\/a>\t\n<\/div><!-- \/.ld-team-member -->[\/vc_column][vc_column width=&#8220;1\/2&#8243; css=&#8220;.vc_custom_1669806843402{margin-left: 0.5em !important;}&#8220; responsive_css=&#8220;margin_left_large:0.5em|margin_left_medium:0.5em|margin_left_small:0.5em&#8220;]<div id=\"ld_team_member_69e593865a072\" class=\"ld-tm pos-rel ld_team_member_69e593865a072\">\n\n\t<figure class=\"ld-tm-img-hover ld-overlay\"><img loading=\"lazy\" decoding=\"async\" width=\"2375\" height=\"834\" src=\"data:image\/svg+xml;charset=utf-8,&lt;svg xmlns%3D&#039;http%3A%2F%2Fwww.w3.org%2F2000%2Fsvg&#039; viewBox%3D&#039;0 0  &#039;%2F&gt;\" class=\" ld-lazyload\" alt=\"\" srcset=\"\" sizes=\"auto, (max-width: 2375px) 100vw, 2375px\" data-src=\"https:\/\/psychotherapie-adendorf.de\/wp-content\/uploads\/2022\/11\/570x200_grau_2_Zeichenflaeche-1_Zeichenflaeche-1.jpg\" data-srcset=\"https:\/\/psychotherapie-adendorf.de\/wp-content\/uploads\/2022\/11\/570x200_grau_2_Zeichenflaeche-1_Zeichenflaeche-1.jpg 2375w, https:\/\/psychotherapie-adendorf.de\/wp-content\/uploads\/2022\/11\/570x200_grau_2_Zeichenflaeche-1_Zeichenflaeche-1-300x105.jpg 300w, https:\/\/psychotherapie-adendorf.de\/wp-content\/uploads\/2022\/11\/570x200_grau_2_Zeichenflaeche-1_Zeichenflaeche-1-1024x360.jpg 1024w\" data-aspect=\"\" \/><\/figure><div class=\"ld-tm-img\"><figure><img loading=\"lazy\" decoding=\"async\" width=\"2375\" height=\"834\" src=\"data:image\/svg+xml;charset=utf-8,&lt;svg xmlns%3D&#039;http%3A%2F%2Fwww.w3.org%2F2000%2Fsvg&#039; viewBox%3D&#039;0 0  &#039;%2F&gt;\" class=\" ld-lazyload\" alt=\"\" srcset=\"\" sizes=\"auto, (max-width: 2375px) 100vw, 2375px\" data-src=\"https:\/\/psychotherapie-adendorf.de\/wp-content\/uploads\/2022\/11\/570x200px_blau_Zeichenflaeche-1_Zeichenflaeche-1.jpg\" data-srcset=\"https:\/\/psychotherapie-adendorf.de\/wp-content\/uploads\/2022\/11\/570x200px_blau_Zeichenflaeche-1_Zeichenflaeche-1.jpg 2375w, https:\/\/psychotherapie-adendorf.de\/wp-content\/uploads\/2022\/11\/570x200px_blau_Zeichenflaeche-1_Zeichenflaeche-1-300x105.jpg 300w, https:\/\/psychotherapie-adendorf.de\/wp-content\/uploads\/2022\/11\/570x200px_blau_Zeichenflaeche-1_Zeichenflaeche-1-1024x360.jpg 1024w\" data-aspect=\"\" \/><\/figure><\/div>\t\n\t\n\t\t\n<\/div><!-- \/.ld-team-member -->[\/vc_column][\/vc_row][vc_row gap=&#8220;0&#8243; css=&#8220;.vc_custom_1669807073061{margin-top: -0.5em !important;margin-bottom: 2em !important;background-color: #ededed !important;}&#8220; responsive_css=&#8220;margin_top_large:-0.5em|margin_top_medium:-0.5em|margin_top_small:-0.5em&#8220;][vc_column][vc_column_text css_animation=&#8220;fadeIn&#8220; css=&#8220;.vc_custom_1669807151464{margin-top: 2em !important;margin-bottom: 4em !important;}&#8220;]<\/p>\n<div class=\"gt3_col12 module_number_4 module_cont module_content op0 animated pulse\" data-appear-top-offset=\"-100\" data-animated=\"pulse\">\n<div class=\"module_content\">\n<h3 style=\"text-align: center;\"><span style=\"color: #2a90b2;\">Eine der wichtigsten Voraussetzung f\u00fcr den Erfolg <\/span><br \/>\n<span style=\"color: #2a90b2;\">einer Psychotherapie ist die Qualit\u00e4t der therapeutischen Beziehung.<\/span><\/h3>\n<div>\n<p style=\"text-align: center;\">Damit sich zwischen Ihnen bzw. Ihrem Kind, Ihrem Familiensystem und mir eine bedeutsame Beziehung entwickeln kann, ist das Vorhandensein von Sympathie, Vertrauen und gegenseitiger Wertsch\u00e4tzung sehr wichtig \u2013 schlie\u00dflich wird mit dem Beginn einer Psychotherapie ein langfristiger Therapieprozess eingel\u00e4utet.<\/p>\n<p style=\"text-align: center;\">Ich m\u00f6chte Sie deshalb ermutigen, kritisch bei der Wahl des psychotherapeutischen Angebots zu sein. Machen Sie Gebrauch von der M\u00f6glichkeit, sich mindestens zwei Praxen anzuschauen.<\/p>\n<p style=\"text-align: center;\">Zum Schutz Ihrer Privatsph\u00e4re unterliege ich bez\u00fcglich Ablauf und Inhalt meiner Therapie der \u00e4rztlichen\/therapeutischen Schweigepflicht.<\/p>\n<\/div>\n<\/div>\n<\/div>\n<p>[\/vc_column_text][\/vc_column][\/vc_row]<\/p>\n<\/section>","protected":false},"excerpt":{"rendered":"<p>[vc_row][vc_column][\/vc_column][\/vc_row][vc_row][vc_column][\/vc_column][\/vc_row][vc_row gap=&#8220;0&#8243; responsive_css=&#8220;margin_top_large:1em|margin_top_medium:1em|margin_top_small:1em&#8220; css=&#8220;.vc_custom_1669806767928{margin-top: 1em !important;}&#8220;][vc_column width=&#8220;1\/2&#8243; css=&#8220;.vc_custom_1669806827583{margin-right: 0.5em !important;}&#8220; responsive_css=&#8220;margin_right_large:0.5em|margin_right_medium:0.5em|margin_right_small:0.5em&#8220;][\/vc_column][vc_column width=&#8220;1\/2&#8243; css=&#8220;.vc_custom_1669806843402{margin-left: 0.5em !important;}&#8220;&#8230;<\/p>\n","protected":false},"author":1,"featured_media":0,"parent":0,"menu_order":0,"comment_status":"closed","ping_status":"closed","template":"","meta":{"inline_featured_image":false,"footnotes":""},"class_list":["post-178","page","type-page","status-publish","hentry"],"yoast_head":"<!-- This site is optimized with the Yoast SEO plugin v23.8 - https:\/\/yoast.com\/wordpress\/plugins\/seo\/ -->\n<title>Meine Angebote - Psychotherapie Adendorf<\/title>\n<meta name=\"robots\" content=\"index, follow, max-snippet:-1, max-image-preview:large, max-video-preview:-1\" \/>\n<link rel=\"canonical\" href=\"https:\/\/\ufeff\ufeffpsychotherapie-adendorf.de\/?page_id=178\" \/>\n<meta property=\"og:locale\" content=\"de_DE\" \/>\n<meta property=\"og:type\" content=\"article\" \/>\n<meta property=\"og:title\" content=\"Meine Angebote - Psychotherapie Adendorf\" \/>\n<meta property=\"og:description\" content=\"[vc_row][vc_column][\/vc_column][\/vc_row][vc_row][vc_column][\/vc_column][\/vc_row][vc_row gap=&#8220;0&#8243; responsive_css=&#8220;margin_top_large:1em|margin_top_medium:1em|margin_top_small:1em&#8220; css=&#8220;.vc_custom_1669806767928{margin-top: 1em !important;}&#8220;][vc_column width=&#8220;1\/2&#8243; css=&#8220;.vc_custom_1669806827583{margin-right: 0.5em !important;}&#8220; responsive_css=&#8220;margin_right_large:0.5em|margin_right_medium:0.5em|margin_right_small:0.5em&#8220;][\/vc_column][vc_column width=&#8220;1\/2&#8243; css=&#8220;.vc_custom_1669806843402{margin-left: 0.5em !important;}&#8220;...\" \/>\n<meta property=\"og:url\" content=\"https:\/\/\ufeff\ufeffpsychotherapie-adendorf.de\/?page_id=178\" \/>\n<meta property=\"og:site_name\" content=\"Psychotherapie Adendorf\" \/>\n<meta property=\"article:modified_time\" content=\"2022-11-30T11:19:14+00:00\" \/>\n<meta name=\"twitter:card\" content=\"summary_large_image\" \/>\n<meta name=\"twitter:label1\" content=\"Gesch\u00e4tzte Lesezeit\" \/>\n\t<meta name=\"twitter:data1\" content=\"1\u00a0Minute\" \/>\n<script type=\"application\/ld+json\" class=\"yoast-schema-graph\">{\"@context\":\"https:\/\/schema.org\",\"@graph\":[{\"@type\":\"WebPage\",\"@id\":\"https:\/\/\ufeff\ufeffpsychotherapie-adendorf.de\/?page_id=178\",\"url\":\"https:\/\/\ufeff\ufeffpsychotherapie-adendorf.de\/?page_id=178\",\"name\":\"Meine Angebote - Psychotherapie Adendorf\",\"isPartOf\":{\"@id\":\"https:\/\/\ufeff\ufeffpsychotherapie-adendorf.de\/#website\"},\"datePublished\":\"2022-11-25T16:18:08+00:00\",\"dateModified\":\"2022-11-30T11:19:14+00:00\",\"breadcrumb\":{\"@id\":\"https:\/\/\ufeff\ufeffpsychotherapie-adendorf.de\/?page_id=178#breadcrumb\"},\"inLanguage\":\"de\",\"potentialAction\":[{\"@type\":\"ReadAction\",\"target\":[\"https:\/\/\ufeff\ufeffpsychotherapie-adendorf.de\/?page_id=178\"]}]},{\"@type\":\"BreadcrumbList\",\"@id\":\"https:\/\/\ufeff\ufeffpsychotherapie-adendorf.de\/?page_id=178#breadcrumb\",\"itemListElement\":[{\"@type\":\"ListItem\",\"position\":1,\"name\":\"Startseite\",\"item\":\"https:\/\/\ufeff\ufeffpsychotherapie-adendorf.de\/\"},{\"@type\":\"ListItem\",\"position\":2,\"name\":\"Meine Angebote\"}]},{\"@type\":\"WebSite\",\"@id\":\"https:\/\/\ufeff\ufeffpsychotherapie-adendorf.de\/#website\",\"url\":\"https:\/\/\ufeff\ufeffpsychotherapie-adendorf.de\/\",\"name\":\"Psychotherapie Adendorf\",\"description\":\"\",\"potentialAction\":[{\"@type\":\"SearchAction\",\"target\":{\"@type\":\"EntryPoint\",\"urlTemplate\":\"https:\/\/\ufeff\ufeffpsychotherapie-adendorf.de\/?s={search_term_string}\"},\"query-input\":{\"@type\":\"PropertyValueSpecification\",\"valueRequired\":true,\"valueName\":\"search_term_string\"}}],\"inLanguage\":\"de\"}]}<\/script>\n<!-- \/ Yoast SEO plugin. -->","yoast_head_json":{"title":"Meine Angebote - Psychotherapie Adendorf","robots":{"index":"index","follow":"follow","max-snippet":"max-snippet:-1","max-image-preview":"max-image-preview:large","max-video-preview":"max-video-preview:-1"},"canonical":"https:\/\/\ufeff\ufeffpsychotherapie-adendorf.de\/?page_id=178","og_locale":"de_DE","og_type":"article","og_title":"Meine Angebote - Psychotherapie Adendorf","og_description":"[vc_row][vc_column][\/vc_column][\/vc_row][vc_row][vc_column][\/vc_column][\/vc_row][vc_row gap=&#8220;0&#8243; responsive_css=&#8220;margin_top_large:1em|margin_top_medium:1em|margin_top_small:1em&#8220; css=&#8220;.vc_custom_1669806767928{margin-top: 1em !important;}&#8220;][vc_column width=&#8220;1\/2&#8243; css=&#8220;.vc_custom_1669806827583{margin-right: 0.5em !important;}&#8220; responsive_css=&#8220;margin_right_large:0.5em|margin_right_medium:0.5em|margin_right_small:0.5em&#8220;][\/vc_column][vc_column width=&#8220;1\/2&#8243; css=&#8220;.vc_custom_1669806843402{margin-left: 0.5em !important;}&#8220;...","og_url":"https:\/\/\ufeff\ufeffpsychotherapie-adendorf.de\/?page_id=178","og_site_name":"Psychotherapie Adendorf","article_modified_time":"2022-11-30T11:19:14+00:00","twitter_card":"summary_large_image","twitter_misc":{"Gesch\u00e4tzte Lesezeit":"1\u00a0Minute"},"schema":{"@context":"https:\/\/schema.org","@graph":[{"@type":"WebPage","@id":"https:\/\/\ufeff\ufeffpsychotherapie-adendorf.de\/?page_id=178","url":"https:\/\/\ufeff\ufeffpsychotherapie-adendorf.de\/?page_id=178","name":"Meine Angebote - Psychotherapie Adendorf","isPartOf":{"@id":"https:\/\/\ufeff\ufeffpsychotherapie-adendorf.de\/#website"},"datePublished":"2022-11-25T16:18:08+00:00","dateModified":"2022-11-30T11:19:14+00:00","breadcrumb":{"@id":"https:\/\/\ufeff\ufeffpsychotherapie-adendorf.de\/?page_id=178#breadcrumb"},"inLanguage":"de","potentialAction":[{"@type":"ReadAction","target":["https:\/\/\ufeff\ufeffpsychotherapie-adendorf.de\/?page_id=178"]}]},{"@type":"BreadcrumbList","@id":"https:\/\/\ufeff\ufeffpsychotherapie-adendorf.de\/?page_id=178#breadcrumb","itemListElement":[{"@type":"ListItem","position":1,"name":"Startseite","item":"https:\/\/\ufeff\ufeffpsychotherapie-adendorf.de\/"},{"@type":"ListItem","position":2,"name":"Meine Angebote"}]},{"@type":"WebSite","@id":"https:\/\/\ufeff\ufeffpsychotherapie-adendorf.de\/#website","url":"https:\/\/\ufeff\ufeffpsychotherapie-adendorf.de\/","name":"Psychotherapie Adendorf","description":"","potentialAction":[{"@type":"SearchAction","target":{"@type":"EntryPoint","urlTemplate":"https:\/\/\ufeff\ufeffpsychotherapie-adendorf.de\/?s={search_term_string}"},"query-input":{"@type":"PropertyValueSpecification","valueRequired":true,"valueName":"search_term_string"}}],"inLanguage":"de"}]}},"_links":{"self":[{"href":"https:\/\/\ufeff\ufeffpsychotherapie-adendorf.de\/index.php?rest_route=\/wp\/v2\/pages\/178","targetHints":{"allow":["GET"]}}],"collection":[{"href":"https:\/\/\ufeff\ufeffpsychotherapie-adendorf.de\/index.php?rest_route=\/wp\/v2\/pages"}],"about":[{"href":"https:\/\/\ufeff\ufeffpsychotherapie-adendorf.de\/index.php?rest_route=\/wp\/v2\/types\/page"}],"author":[{"embeddable":true,"href":"https:\/\/\ufeff\ufeffpsychotherapie-adendorf.de\/index.php?rest_route=\/wp\/v2\/users\/1"}],"replies":[{"embeddable":true,"href":"https:\/\/\ufeff\ufeffpsychotherapie-adendorf.de\/index.php?rest_route=%2Fwp%2Fv2%2Fcomments&post=178"}],"version-history":[{"count":26,"href":"https:\/\/\ufeff\ufeffpsychotherapie-adendorf.de\/index.php?rest_route=\/wp\/v2\/pages\/178\/revisions"}],"predecessor-version":[{"id":335,"href":"https:\/\/\ufeff\ufeffpsychotherapie-adendorf.de\/index.php?rest_route=\/wp\/v2\/pages\/178\/revisions\/335"}],"wp:attachment":[{"href":"https:\/\/\ufeff\ufeffpsychotherapie-adendorf.de\/index.php?rest_route=%2Fwp%2Fv2%2Fmedia&parent=178"}],"curies":[{"name":"wp","href":"https:\/\/api.w.org\/{rel}","templated":true}]}}