{"id":176,"date":"2022-11-25T17:16:51","date_gmt":"2022-11-25T16:16:51","guid":{"rendered":"https:\/\/psychotherapie-adendorf.de\/?page_id=176"},"modified":"2022-11-29T19:16:10","modified_gmt":"2022-11-29T18:16:10","slug":"ueber-mich","status":"publish","type":"page","link":"https:\/\/\ufeff\ufeffpsychotherapie-adendorf.de\/?page_id=176","title":{"rendered":"ueber mich"},"content":{"rendered":"<section class=\"wpb-content-wrapper\"><p>[vc_row][vc_column]<style>.ld_spacer_69e59baa3cfde{height:4px;}<\/style>\n<div class=\"ld-empty-space ld_spacer_69e59baa3cfde\"><span class=\"liquid_empty_space_inner\"><\/span><\/div>[\/vc_column][\/vc_row][vc_row][vc_column]\n\t\t\t<!-- START Ueber Mich REVOLUTION SLIDER 6.5.21 --><p class=\"rs-p-wp-fix\"><\/p>\n\t\t\t<rs-module-wrap id=\"rev_slider_3_1_wrapper\" data-source=\"gallery\" style=\"visibility:hidden;background:#c4cdd4;padding:0;margin:0px auto;margin-top:0;margin-bottom:0;\">\n\t\t\t\t<rs-module id=\"rev_slider_3_1\" style=\"\" data-version=\"6.5.21\">\n\t\t\t\t\t<rs-slides>\n\t\t\t\t\t\t<rs-slide style=\"position: absolute;\" data-key=\"rs-4\" data-title=\"Slide\" data-in=\"o:0;\" data-out=\"a:false;\">\n\t\t\t\t\t\t\t<img decoding=\"async\" src=\"\/\/psychotherapie-adendorf.de\/wp-content\/plugins\/revslider\/public\/assets\/assets\/dummy.png\" alt=\"Slide\" title=\"ueber mich\" class=\"rev-slidebg tp-rs-img rs-lazyload\" data-lazyload=\"\/\/psychotherapie-adendorf.de\/wp-content\/plugins\/revslider\/public\/assets\/assets\/transparent.png\" data-no-retina>\n<!--\n\t\t\t\t\t\t\t--><rs-layer\n\t\t\t\t\t\t\t\tid=\"slider-3-slide-4-layer-0\" \n\t\t\t\t\t\t\t\tdata-type=\"image\"\n\t\t\t\t\t\t\t\tdata-rsp_ch=\"on\"\n\t\t\t\t\t\t\t\tdata-xy=\"y:-80px;\"\n\t\t\t\t\t\t\t\tdata-text=\"w:normal;\"\n\t\t\t\t\t\t\t\tdata-dim=\"w:1170px;h:485px;\"\n\t\t\t\t\t\t\t\tdata-frame_999=\"o:0;st:w;\"\n\t\t\t\t\t\t\t\tstyle=\"z-index:5;\"\n\t\t\t\t\t\t\t><img loading=\"lazy\" decoding=\"async\" src=\"\/\/psychotherapie-adendorf.de\/wp-content\/plugins\/revslider\/public\/assets\/assets\/dummy.png\" alt=\"\" class=\"tp-rs-img rs-lazyload\" width=\"1170\" height=\"485\" data-lazyload=\"\/\/psychotherapie-adendorf.de\/wp-content\/uploads\/2022\/11\/iStock-995117366.jpg\" data-no-retina> \n\t\t\t\t\t\t\t<\/rs-layer><!--\n\n\t\t\t\t\t\t\t--><rs-layer\n\t\t\t\t\t\t\t\tid=\"slider-3-slide-4-layer-1\" \n\t\t\t\t\t\t\t\tdata-type=\"image\"\n\t\t\t\t\t\t\t\tdata-rsp_ch=\"on\"\n\t\t\t\t\t\t\t\tdata-xy=\"x:45px;y:150px;\"\n\t\t\t\t\t\t\t\tdata-text=\"w:normal;\"\n\t\t\t\t\t\t\t\tdata-dim=\"w:756px;h:206px;\"\n\t\t\t\t\t\t\t\tdata-frame_1=\"e:power4.inOut;st:5;sp:900;\"\n\t\t\t\t\t\t\t\tdata-frame_999=\"o:0;st:w;\"\n\t\t\t\t\t\t\t\tstyle=\"z-index:6;\"\n\t\t\t\t\t\t\t><img loading=\"lazy\" decoding=\"async\" src=\"\/\/psychotherapie-adendorf.de\/wp-content\/plugins\/revslider\/public\/assets\/assets\/dummy.png\" alt=\"\" class=\"tp-rs-img rs-lazyload\" width=\"756\" height=\"206\" data-lazyload=\"\/\/psychotherapie-adendorf.de\/wp-content\/uploads\/2022\/11\/hg_flaeche_weiss_alt.png\" data-no-retina> \n\t\t\t\t\t\t\t<\/rs-layer><!--\n\n\t\t\t\t\t\t\t--><rs-layer\n\t\t\t\t\t\t\t\tid=\"slider-3-slide-4-layer-2\" \n\t\t\t\t\t\t\t\tdata-type=\"image\"\n\t\t\t\t\t\t\t\tdata-rsp_ch=\"on\"\n\t\t\t\t\t\t\t\tdata-xy=\"x:810px;y:150px;\"\n\t\t\t\t\t\t\t\tdata-text=\"w:normal;\"\n\t\t\t\t\t\t\t\tdata-dim=\"w:315px;h:206px;\"\n\t\t\t\t\t\t\t\tdata-frame_1=\"e:power4.inOut;st:5;sp:900;\"\n\t\t\t\t\t\t\t\tdata-frame_999=\"o:0;st:w;\"\n\t\t\t\t\t\t\t\tstyle=\"z-index:7;\"\n\t\t\t\t\t\t\t><img loading=\"lazy\" decoding=\"async\" src=\"\/\/psychotherapie-adendorf.de\/wp-content\/plugins\/revslider\/public\/assets\/assets\/dummy.png\" alt=\"\" class=\"tp-rs-img rs-lazyload\" width=\"315\" height=\"206\" data-lazyload=\"\/\/psychotherapie-adendorf.de\/wp-content\/uploads\/2022\/11\/hg_flaeche_gruen_alt.png\" data-no-retina> \n\t\t\t\t\t\t\t<\/rs-layer><!--\n\n\t\t\t\t\t\t\t--><rs-layer\n\t\t\t\t\t\t\t\tid=\"slider-3-slide-4-layer-3\" \n\t\t\t\t\t\t\t\tdata-type=\"text\"\n\t\t\t\t\t\t\t\tdata-color=\"#95c11f\"\n\t\t\t\t\t\t\t\tdata-rsp_ch=\"on\"\n\t\t\t\t\t\t\t\tdata-xy=\"x:100px;y:250px;\"\n\t\t\t\t\t\t\t\tdata-text=\"w:normal;s:48;fw:300;\"\n\t\t\t\t\t\t\t\tdata-dim=\"w:250px;h:50px;\"\n\t\t\t\t\t\t\t\tdata-frame_999=\"o:0;st:w;\"\n\t\t\t\t\t\t\t\tstyle=\"z-index:8;font-family:'Titillium Web';\"\n\t\t\t\t\t\t\t>\u00dcBER MICH \n\t\t\t\t\t\t\t<\/rs-layer><!--\n\n\t\t\t\t\t\t\t--><rs-layer\n\t\t\t\t\t\t\t\tid=\"slider-3-slide-4-layer-4\" \n\t\t\t\t\t\t\t\tdata-type=\"text\"\n\t\t\t\t\t\t\t\tdata-color=\"#73828d\"\n\t\t\t\t\t\t\t\tdata-rsp_ch=\"on\"\n\t\t\t\t\t\t\t\tdata-xy=\"x:100px;y:300px;\"\n\t\t\t\t\t\t\t\tdata-text=\"w:normal;s:24;l:28;\"\n\t\t\t\t\t\t\t\tdata-frame_999=\"o:0;st:w;\"\n\t\t\t\t\t\t\t\tstyle=\"z-index:9;font-family:'Titillium Web';\"\n\t\t\t\t\t\t\t>Martin Adendorf \n\t\t\t\t\t\t\t<\/rs-layer><!--\n\n\t\t\t\t\t\t\t--><rs-layer\n\t\t\t\t\t\t\t\tid=\"slider-3-slide-4-layer-5\" \n\t\t\t\t\t\t\t\tdata-type=\"text\"\n\t\t\t\t\t\t\t\tdata-color=\"#ffffff\"\n\t\t\t\t\t\t\t\tdata-rsp_ch=\"on\"\n\t\t\t\t\t\t\t\tdata-xy=\"x:835px;y:175px;\"\n\t\t\t\t\t\t\t\tdata-text=\"w:normal;s:18;l:28;ls:1px;fw:700;\"\n\t\t\t\t\t\t\t\tdata-frame_999=\"o:0;st:w;\"\n\t\t\t\t\t\t\t\tstyle=\"z-index:10;font-family:'Titillium Web';\"\n\t\t\t\t\t\t\t>KONTAKT \n\t\t\t\t\t\t\t<\/rs-layer><!--\n\n\t\t\t\t\t\t\t--><a\n\t\t\t\t\t\t\t\tid=\"slider-3-slide-4-layer-6\" \n\t\t\t\t\t\t\t\tclass=\"rs-layer\"\n\t\t\t\t\t\t\t\thref=\"mailto:info@psychotherapie-adendorf.de\" target=\"_blank\" rel=\"noopener\"\n\t\t\t\t\t\t\t\tdata-type=\"text\"\n\t\t\t\t\t\t\t\tdata-color=\"#ffffff\"\n\t\t\t\t\t\t\t\tdata-rsp_ch=\"on\"\n\t\t\t\t\t\t\t\tdata-xy=\"x:835px;y:205px;\"\n\t\t\t\t\t\t\t\tdata-text=\"w:normal;s:18;l:28;ls:0px;fw:600;\"\n\t\t\t\t\t\t\t\tdata-dim=\"h:1px;\"\n\t\t\t\t\t\t\t\tdata-frame_999=\"o:0;st:w;\"\n\t\t\t\t\t\t\t\tstyle=\"z-index:11;font-family:'Titillium Web';\"\n\t\t\t\t\t\t\t>MARTIN ADENDORF<br \/>\n<br \/>\nTel.: 01 57 - 87 37 36 21<br \/>\ninfo@psychotherapie-adendorf.de \n\t\t\t\t\t\t\t<\/a><!--\n-->\t\t\t\t\t\t<\/rs-slide>\n\t\t\t\t\t<\/rs-slides>\n\t\t\t\t<\/rs-module>\n\t\t\t\t<script>\n\t\t\t\t\tsetREVStartSize({c: 'rev_slider_3_1',rl:[1240,1024,778,480],el:[400],gw:[1170],gh:[400],type:'standard',justify:'',layout:'fullwidth',mh:\"0\"});if (window.RS_MODULES!==undefined && window.RS_MODULES.modules!==undefined && window.RS_MODULES.modules[\"revslider31\"]!==undefined) {window.RS_MODULES.modules[\"revslider31\"].once = false;window.revapi3 = undefined;if (window.RS_MODULES.checkMinimal!==undefined) window.RS_MODULES.checkMinimal()}\n\t\t\t\t<\/script>\n\t\t\t<\/rs-module-wrap>\n\t\t\t<!-- END REVOLUTION SLIDER -->\n[\/vc_column][\/vc_row][vc_row][vc_column]<style>.ld_spacer_69e59baa40abd{height:4px;}<\/style>\n<div class=\"ld-empty-space ld_spacer_69e59baa40abd\"><span class=\"liquid_empty_space_inner\"><\/span><\/div>[\/vc_column][\/vc_row][vc_row responsive_css=&#8220;margin_bottom_large:4em|margin_bottom_medium:4em|margin_bottom_small:4em&#8220; css=&#8220;.vc_custom_1669660318754{margin-bottom: 4em !important;background-color: #ededed !important;}&#8220;][vc_column width=&#8220;1\/3&#8243; responsive_css=&#8220;margin_top_large:4em|margin_top_medium:4em|margin_top_small:4em&#8220; css=&#8220;.vc_custom_1669659959446{margin-top: 4em !important;}&#8220;][vc_separator color=&#8220;custom&#8220; accent_color=&#8220;#808291&#8243;][vc_single_image image=&#8220;280&#8243; img_size=&#8220;full&#8220; css_animation=&#8220;fadeIn&#8220;][vc_column_text css_animation=&#8220;fadeIn&#8220; css=&#8220;.vc_custom_1669745657246{padding-top: 0.5em !important;}&#8220;]<span style=\"color: #2a90b2;\"><strong>Martin Adendorf<br \/>\n<\/strong>Psychoanalytiker DGIP\/VAKJP<\/span><br \/>\n<span style=\"color: #2a90b2;\">Diplom-Sozialp\u00e4dagoge<\/span><strong><br \/>\n<\/strong>[\/vc_column_text][vc_separator color=&#8220;custom&#8220; accent_color=&#8220;#808291&#8243; css=&#8220;.vc_custom_1669745669798{margin-top: 2em !important;}&#8220;][\/vc_column][vc_column width=&#8220;2\/3&#8243; responsive_css=&#8220;margin_top_large:4em|margin_top_medium:4em|margin_top_small:4em&#8220; css=&#8220;.vc_custom_1669659914469{margin-top: 4em !important;}&#8220;][vc_separator color=&#8220;custom&#8220; accent_color=&#8220;#808291&#8243;][vc_column_text]<\/p>\n<h3><span style=\"color: #2a90b2;\">\u00dcber mich<br \/>\n<\/span><\/h3>\n<p>Bereits in meiner fr\u00fcheren beruflichen T\u00e4tigkeit als Sozialp\u00e4dagoge in der Erwachsenenpsychiatrie habe ich wertvolle Erfahrungen in der Therapie und Betreuung von Menschen in Lebenskrisen sammeln k\u00f6nnen.<\/p>\n<p>Dies weckte den Wunsch in mir meine F\u00e4higkeiten nicht nur zur Linderung der Symptome psychiatrischer Erkrankungen im Erwachsenenalter einzusetzen, sondern bereits im Kindesalter zu einer Verhinderung von psychischen Krankheiten beizutragen.<\/p>\n<p>Dies f\u00fchrte mich zu dem Entschluss, als Kinder- und Jugendlichenpsychotherapeut arbeiten zu wollen. Bei der Suche nach einem passenden Therapieverfahren und Ausbildungsinstitut stie\u00df ich auf die Lehren des Psychoanalytikers <em><a href=\"https:\/\/www.aai-aachen-koeln.de\/\" target=\"_blank\" rel=\"noopener\">Dr. Alfred-Adler<\/a> <\/em>&#8211; ehemaliger Sch\u00fcler Sigmund Freuds und Begr\u00fcnder der Individualpsychologie. Sein Ansatz, dass neurotische St\u00f6rungen und schwere psychiatrische Krankheitsbilder als \u201eAusdruck entmutigter Menschen\u201c verstanden werden m\u00fcssen, deckte sich mit meinem Menschenbild und f\u00fchrten mich in die langj\u00e4hrige Ausbildung am\u00a0<em><a href=\"https:\/\/www.aai-aachen-koeln.de\/\" target=\"_blank\" rel=\"noopener\">Alfred-Adler-Institut Aachen-K\u00f6ln e.V.<\/a> <\/em>\u2013 wo\u00a0ich bereits Ende 2014 meine therapeutische Arbeit mit den Patient*innen aufnehmen durfte.<\/p>\n<p>Seit diesem Zeitpunkt trage ich mit viel Freude und Engagement zum Heilungsprozess meiner Patient*innen bei, indem ich mit ihnen und ggf. deren Bezugspersonen die zugrunde liegenden Konflikte aufdecken helfe und wir gemeinsam L\u00f6sungen erarbeiten. Der Aufbau einer bedeutsamen Beziehung, in der sich meine Patient*innen gewertsch\u00e4tzt und gehalten f\u00fchlen d\u00fcrfen, stellt dabei f\u00fcr mich eine wichtige Voraussetzung auf dem Weg zur Linderung und Heilung dar.<\/p>\n<p>[\/vc_column_text][vc_separator color=&#8220;custom&#8220; accent_color=&#8220;#808291&#8243; css=&#8220;.vc_custom_1669745703240{margin-top: 2em !important;}&#8220;][vc_column_text css_animation=&#8220;fadeIn&#8220;]<\/p>\n<h3><span style=\"color: #2a90b2;\">Studium<\/span><\/h3>\n<p><strong>1996 \u2013 2001<\/strong><\/p>\n<p>Fachhochschule f\u00fcr Soziales, K\u00f6ln<\/p>\n<p>Diplom-Sozialp\u00e4dagoge<\/p>\n<p>[\/vc_column_text][vc_separator color=&#8220;custom&#8220; accent_color=&#8220;#808291&#8243; css=&#8220;.vc_custom_1669745712926{margin-top: 2em !important;}&#8220;][vc_column_text css_animation=&#8220;fadeIn&#8220;]<\/p>\n<h3><span style=\"color: #2a90b2;\">Beruflicher Werdegang<br \/>\n<\/span><\/h3>\n<p><strong>12\/2001 \u2013 12\/2009<\/strong><\/p>\n<p>Anstellung als Sozialp\u00e4dagoge<\/p>\n<p>Ambulante Alltagsbegleitung von Menschen mit psychischer Erkrankung<\/p>\n<p><em><a href=\"https:\/\/www.drk-koeln.de\/\">Deutsches Rotes Kreuz, Kreisverband K\u00f6ln<\/a><\/em><\/p>\n<p>&nbsp;<\/p>\n<p><strong>01\/2010 \u2013 09\/2017<\/strong><\/p>\n<p>Anstellung als Sozialp\u00e4dagoge<\/p>\n<p>Sozialdienst auf der gesch\u00fctzt gef\u00fchrten Station<\/p>\n<p><em><a href=\"https:\/\/www.tka-koeln.de\/\">Tagesklinik Alteburger Stra\u00dfe gGmbH, K\u00f6ln<\/a><\/em><\/p>\n<p>&nbsp;<\/p>\n<p><strong>02\/2010 \u2013 09\/2018<\/strong><\/p>\n<p>Selbst\u00e4ndige T\u00e4tigkeit als Sozialp\u00e4dagoge<\/p>\n<p>Alltagsbetreuung von Erwachsenen mit psychischer Erkrankung, Betreutes Wohnen<\/p>\n<p>&nbsp;<\/p>\n<p><strong>seit 07\/2018<\/strong><\/p>\n<p>Selbst\u00e4ndige T\u00e4tigkeit als analytischer Kinder- und Jugendlichenpsychotherapeut<\/p>\n<p>&nbsp;<\/p>\n<p><strong>11\/2019 \u2013 04\/2020<\/strong><\/p>\n<p>Entlastungsassistent als Psychotherapeut<\/p>\n<p>Praxis Scholl, St. Augustin<\/p>\n<p>[\/vc_column_text][vc_separator color=&#8220;custom&#8220; accent_color=&#8220;#808291&#8243; css=&#8220;.vc_custom_1669745725012{margin-top: 2em !important;}&#8220;][vc_column_text css_animation=&#8220;fadeIn&#8220;]<\/p>\n<h3><span style=\"color: #2a90b2;\">Dozentent\u00e4tigkeit<\/span><\/h3>\n<p><strong>07\/2012 \u2013 04\/2018<\/strong><\/p>\n<p>Ausbildung zum Kinder- u. Jugendlichen Psychotherapeuten<\/p>\n<p>Analytisches und tiefenpsychologisch fundiertes Verfahren<\/p>\n<p><a href=\"https:\/\/www.aai-aachen-koeln.de\/\"><em>Alfred-Adler-Institut Aachen-K\u00f6ln e.V.<\/em><\/a><\/p>\n<p>[\/vc_column_text][vc_separator color=&#8220;custom&#8220; accent_color=&#8220;#808291&#8243; css=&#8220;.vc_custom_1669745735667{margin-top: 2em !important;}&#8220;][vc_column_text css_animation=&#8220;fadeIn&#8220;]<\/p>\n<h3><span style=\"color: #2a90b2;\">Mitgliedschaften<\/span><\/h3>\n<p>VAKJP (Vereinigung Analytischer Kinder- und Jugendlichen-Psychotherapeuten)<br \/>\n<a href=\"http:\/\/www.vakjp.de\">www.vakjp.de<\/a><\/p>\n<p>&nbsp;<\/p>\n<p>DGIP Deutsche Gesellschaft f\u00fcr Individualpsychologie e.V.<br \/>\n<a href=\"http:\/\/www.dgip.de\">www.dgip.de<\/a><\/p>\n<p>&nbsp;<\/p>\n<p>Kammer PTK-NRW &#8211; Kammer f\u00fcr Psychologische Psychotherapeuten und Kinder- und Jugendlichenpsychotherapeuten Nordrhein-Westfalen<br \/>\n<a href=\"http:\/\/www.ptk-nrw.de\">www.ptk-nrw.de<\/a><\/p>\n<p>&nbsp;<\/p>\n<p>Institut f\u00fcr Individualpsychologie Alfred-Adler-Institut Aachen-K\u00f6ln, e.V.<br \/>\n<a href=\"http:\/\/www.aai-aachen-koeln.de\">www.aai-aachen-koeln.de<\/a>[\/vc_column_text][vc_separator color=&#8220;custom&#8220; accent_color=&#8220;#808291&#8243; css=&#8220;.vc_custom_1669745753135{margin-top: 2em !important;}&#8220;][\/vc_column][\/vc_row]<\/p>\n<\/section>","protected":false},"excerpt":{"rendered":"<p>[vc_row][vc_column][\/vc_column][\/vc_row][vc_row][vc_column][\/vc_column][\/vc_row][vc_row][vc_column][\/vc_column][\/vc_row][vc_row responsive_css=&#8220;margin_bottom_large:4em|margin_bottom_medium:4em|margin_bottom_small:4em&#8220; css=&#8220;.vc_custom_1669660318754{margin-bottom: 4em !important;background-color: #ededed !important;}&#8220;][vc_column width=&#8220;1\/3&#8243; responsive_css=&#8220;margin_top_large:4em|margin_top_medium:4em|margin_top_small:4em&#8220; css=&#8220;.vc_custom_1669659959446{margin-top: 4em !important;}&#8220;][vc_separator color=&#8220;custom&#8220; accent_color=&#8220;#808291&#8243;][vc_single_image image=&#8220;280&#8243;&#8230;<\/p>\n","protected":false},"author":1,"featured_media":0,"parent":0,"menu_order":0,"comment_status":"closed","ping_status":"closed","template":"","meta":{"inline_featured_image":false,"footnotes":""},"class_list":["post-176","page","type-page","status-publish","hentry"],"yoast_head":"<!-- This site is optimized with the Yoast SEO plugin v23.8 - https:\/\/yoast.com\/wordpress\/plugins\/seo\/ -->\n<title>ueber mich - Psychotherapie Adendorf<\/title>\n<meta name=\"robots\" content=\"index, follow, max-snippet:-1, max-image-preview:large, max-video-preview:-1\" \/>\n<link rel=\"canonical\" href=\"https:\/\/\ufeff\ufeffpsychotherapie-adendorf.de\/?page_id=176\" \/>\n<meta property=\"og:locale\" content=\"de_DE\" \/>\n<meta property=\"og:type\" content=\"article\" \/>\n<meta property=\"og:title\" content=\"ueber mich - Psychotherapie Adendorf\" \/>\n<meta property=\"og:description\" content=\"[vc_row][vc_column][\/vc_column][\/vc_row][vc_row][vc_column][\/vc_column][\/vc_row][vc_row][vc_column][\/vc_column][\/vc_row][vc_row responsive_css=&#8220;margin_bottom_large:4em|margin_bottom_medium:4em|margin_bottom_small:4em&#8220; css=&#8220;.vc_custom_1669660318754{margin-bottom: 4em !important;background-color: #ededed !important;}&#8220;][vc_column width=&#8220;1\/3&#8243; responsive_css=&#8220;margin_top_large:4em|margin_top_medium:4em|margin_top_small:4em&#8220; css=&#8220;.vc_custom_1669659959446{margin-top: 4em !important;}&#8220;][vc_separator color=&#8220;custom&#8220; accent_color=&#8220;#808291&#8243;][vc_single_image image=&#8220;280&#8243;...\" \/>\n<meta property=\"og:url\" content=\"https:\/\/\ufeff\ufeffpsychotherapie-adendorf.de\/?page_id=176\" \/>\n<meta property=\"og:site_name\" content=\"Psychotherapie Adendorf\" \/>\n<meta property=\"article:modified_time\" content=\"2022-11-29T18:16:10+00:00\" \/>\n<meta name=\"twitter:card\" content=\"summary_large_image\" \/>\n<meta name=\"twitter:label1\" content=\"Gesch\u00e4tzte Lesezeit\" \/>\n\t<meta name=\"twitter:data1\" content=\"3\u00a0Minuten\" \/>\n<script type=\"application\/ld+json\" class=\"yoast-schema-graph\">{\"@context\":\"https:\/\/schema.org\",\"@graph\":[{\"@type\":\"WebPage\",\"@id\":\"https:\/\/\ufeff\ufeffpsychotherapie-adendorf.de\/?page_id=176\",\"url\":\"https:\/\/\ufeff\ufeffpsychotherapie-adendorf.de\/?page_id=176\",\"name\":\"ueber mich - Psychotherapie Adendorf\",\"isPartOf\":{\"@id\":\"https:\/\/\ufeff\ufeffpsychotherapie-adendorf.de\/#website\"},\"datePublished\":\"2022-11-25T16:16:51+00:00\",\"dateModified\":\"2022-11-29T18:16:10+00:00\",\"breadcrumb\":{\"@id\":\"https:\/\/\ufeff\ufeffpsychotherapie-adendorf.de\/?page_id=176#breadcrumb\"},\"inLanguage\":\"de\",\"potentialAction\":[{\"@type\":\"ReadAction\",\"target\":[\"https:\/\/\ufeff\ufeffpsychotherapie-adendorf.de\/?page_id=176\"]}]},{\"@type\":\"BreadcrumbList\",\"@id\":\"https:\/\/\ufeff\ufeffpsychotherapie-adendorf.de\/?page_id=176#breadcrumb\",\"itemListElement\":[{\"@type\":\"ListItem\",\"position\":1,\"name\":\"Startseite\",\"item\":\"https:\/\/\ufeff\ufeffpsychotherapie-adendorf.de\/\"},{\"@type\":\"ListItem\",\"position\":2,\"name\":\"ueber mich\"}]},{\"@type\":\"WebSite\",\"@id\":\"https:\/\/\ufeff\ufeffpsychotherapie-adendorf.de\/#website\",\"url\":\"https:\/\/\ufeff\ufeffpsychotherapie-adendorf.de\/\",\"name\":\"Psychotherapie Adendorf\",\"description\":\"\",\"potentialAction\":[{\"@type\":\"SearchAction\",\"target\":{\"@type\":\"EntryPoint\",\"urlTemplate\":\"https:\/\/\ufeff\ufeffpsychotherapie-adendorf.de\/?s={search_term_string}\"},\"query-input\":{\"@type\":\"PropertyValueSpecification\",\"valueRequired\":true,\"valueName\":\"search_term_string\"}}],\"inLanguage\":\"de\"}]}<\/script>\n<!-- \/ Yoast SEO plugin. -->","yoast_head_json":{"title":"ueber mich - Psychotherapie Adendorf","robots":{"index":"index","follow":"follow","max-snippet":"max-snippet:-1","max-image-preview":"max-image-preview:large","max-video-preview":"max-video-preview:-1"},"canonical":"https:\/\/\ufeff\ufeffpsychotherapie-adendorf.de\/?page_id=176","og_locale":"de_DE","og_type":"article","og_title":"ueber mich - Psychotherapie Adendorf","og_description":"[vc_row][vc_column][\/vc_column][\/vc_row][vc_row][vc_column][\/vc_column][\/vc_row][vc_row][vc_column][\/vc_column][\/vc_row][vc_row responsive_css=&#8220;margin_bottom_large:4em|margin_bottom_medium:4em|margin_bottom_small:4em&#8220; css=&#8220;.vc_custom_1669660318754{margin-bottom: 4em !important;background-color: #ededed !important;}&#8220;][vc_column width=&#8220;1\/3&#8243; responsive_css=&#8220;margin_top_large:4em|margin_top_medium:4em|margin_top_small:4em&#8220; css=&#8220;.vc_custom_1669659959446{margin-top: 4em !important;}&#8220;][vc_separator color=&#8220;custom&#8220; accent_color=&#8220;#808291&#8243;][vc_single_image image=&#8220;280&#8243;...","og_url":"https:\/\/\ufeff\ufeffpsychotherapie-adendorf.de\/?page_id=176","og_site_name":"Psychotherapie Adendorf","article_modified_time":"2022-11-29T18:16:10+00:00","twitter_card":"summary_large_image","twitter_misc":{"Gesch\u00e4tzte Lesezeit":"3\u00a0Minuten"},"schema":{"@context":"https:\/\/schema.org","@graph":[{"@type":"WebPage","@id":"https:\/\/\ufeff\ufeffpsychotherapie-adendorf.de\/?page_id=176","url":"https:\/\/\ufeff\ufeffpsychotherapie-adendorf.de\/?page_id=176","name":"ueber mich - Psychotherapie Adendorf","isPartOf":{"@id":"https:\/\/\ufeff\ufeffpsychotherapie-adendorf.de\/#website"},"datePublished":"2022-11-25T16:16:51+00:00","dateModified":"2022-11-29T18:16:10+00:00","breadcrumb":{"@id":"https:\/\/\ufeff\ufeffpsychotherapie-adendorf.de\/?page_id=176#breadcrumb"},"inLanguage":"de","potentialAction":[{"@type":"ReadAction","target":["https:\/\/\ufeff\ufeffpsychotherapie-adendorf.de\/?page_id=176"]}]},{"@type":"BreadcrumbList","@id":"https:\/\/\ufeff\ufeffpsychotherapie-adendorf.de\/?page_id=176#breadcrumb","itemListElement":[{"@type":"ListItem","position":1,"name":"Startseite","item":"https:\/\/\ufeff\ufeffpsychotherapie-adendorf.de\/"},{"@type":"ListItem","position":2,"name":"ueber mich"}]},{"@type":"WebSite","@id":"https:\/\/\ufeff\ufeffpsychotherapie-adendorf.de\/#website","url":"https:\/\/\ufeff\ufeffpsychotherapie-adendorf.de\/","name":"Psychotherapie Adendorf","description":"","potentialAction":[{"@type":"SearchAction","target":{"@type":"EntryPoint","urlTemplate":"https:\/\/\ufeff\ufeffpsychotherapie-adendorf.de\/?s={search_term_string}"},"query-input":{"@type":"PropertyValueSpecification","valueRequired":true,"valueName":"search_term_string"}}],"inLanguage":"de"}]}},"_links":{"self":[{"href":"https:\/\/\ufeff\ufeffpsychotherapie-adendorf.de\/index.php?rest_route=\/wp\/v2\/pages\/176","targetHints":{"allow":["GET"]}}],"collection":[{"href":"https:\/\/\ufeff\ufeffpsychotherapie-adendorf.de\/index.php?rest_route=\/wp\/v2\/pages"}],"about":[{"href":"https:\/\/\ufeff\ufeffpsychotherapie-adendorf.de\/index.php?rest_route=\/wp\/v2\/types\/page"}],"author":[{"embeddable":true,"href":"https:\/\/\ufeff\ufeffpsychotherapie-adendorf.de\/index.php?rest_route=\/wp\/v2\/users\/1"}],"replies":[{"embeddable":true,"href":"https:\/\/\ufeff\ufeffpsychotherapie-adendorf.de\/index.php?rest_route=%2Fwp%2Fv2%2Fcomments&post=176"}],"version-history":[{"count":20,"href":"https:\/\/\ufeff\ufeffpsychotherapie-adendorf.de\/index.php?rest_route=\/wp\/v2\/pages\/176\/revisions"}],"predecessor-version":[{"id":300,"href":"https:\/\/\ufeff\ufeffpsychotherapie-adendorf.de\/index.php?rest_route=\/wp\/v2\/pages\/176\/revisions\/300"}],"wp:attachment":[{"href":"https:\/\/\ufeff\ufeffpsychotherapie-adendorf.de\/index.php?rest_route=%2Fwp%2Fv2%2Fmedia&parent=176"}],"curies":[{"name":"wp","href":"https:\/\/api.w.org\/{rel}","templated":true}]}}